{"id":691,"date":"2023-08-03T14:12:03","date_gmt":"2023-08-03T14:12:03","guid":{"rendered":"https:\/\/www.harveyspahotel.com\/?page_id=691"},"modified":"2025-08-07T12:58:52","modified_gmt":"2025-08-07T12:58:52","slug":"musik-auf-der-kolonnade-cisarske-lazne","status":"publish","type":"page","link":"https:\/\/www.harveyspahotel.com\/de\/wo-finden-sie-uns\/kultur-freizeit-in-franzensbad\/musik-auf-der-kolonnade-cisarske-lazne\/","title":{"rendered":"Musik auf der Kolonnade, C\u00edsa\u0159sk\u00e9 L\u00e1zn\u011b"},"content":{"rendered":"<p>In der Hauptkurzeit von Mai bis September finden Konzerte im Musikpavillon am Sadov\u00e1 kav\u00e1rna oder auf der Promenade statt. Au\u00dferdem eignen sich die Kaiserthermen hervorragend f\u00fcr Konzerte mit Alter Musik, Klassik oder Jazz. Der Saal wird auch f\u00fcr intime Theaterauff\u00fchrungen und Diskussionen mit angesehenen Kurg\u00e4sten genutzt.<\/p>\n","protected":false},"excerpt":{"rendered":"<p>In der Hauptkurzeit von Mai bis September finden Konzerte im Musikpavillon am Sadov\u00e1 kav\u00e1rna oder auf der Promenade statt. Au\u00dferdem eignen sich die Kaiserthermen hervorragend f\u00fcr Konzerte mit Alter Musik, Klassik oder Jazz. Der Saal wird auch f\u00fcr intime Theaterauff\u00fchrungen und Diskussionen mit angesehenen Kurg\u00e4sten genutzt.<\/p>\n","protected":false},"author":7,"featured_media":0,"parent":684,"menu_order":70,"comment_status":"closed","ping_status":"closed","template":"","meta":{"footnotes":""},"yoast_head":"<!-- This site is optimized with the Yoast SEO plugin v22.3 - https:\/\/yoast.com\/wordpress\/plugins\/seo\/ -->\n<title>Musik auf der Kolonnade, C\u00edsa\u0159sk\u00e9 L\u00e1zn\u011b - Harvey Spa Hotel -<\/title>\n<meta name=\"description\" content=\"Von Mai bis Sep gibt es Konzerte im Musikpavillon und auf der Promenade. Die Kaiserthermen bieten zudem Raum f\u00fcr Alter Musik oder Klassik.\" \/>\n<meta name=\"robots\" content=\"noindex, nofollow\" \/>\n<meta property=\"og:locale\" content=\"de_DE\" \/>\n<meta property=\"og:type\" content=\"article\" \/>\n<meta property=\"og:title\" content=\"Musik auf der Kolonnade, C\u00edsa\u0159sk\u00e9 L\u00e1zn\u011b - Harvey Spa Hotel -\" \/>\n<meta property=\"og:description\" content=\"Von Mai bis Sep gibt es Konzerte im Musikpavillon und auf der Promenade. Die Kaiserthermen bieten zudem Raum f\u00fcr Alter Musik oder Klassik.\" \/>\n<meta property=\"og:url\" content=\"https:\/\/www.harveyspahotel.com\/de\/wo-finden-sie-uns\/kultur-freizeit-in-franzensbad\/musik-auf-der-kolonnade-cisarske-lazne\/\" \/>\n<meta property=\"og:site_name\" content=\"Harvey Spa Hotel\" \/>\n<meta property=\"article:modified_time\" content=\"2025-08-07T12:58:52+00:00\" \/>\n<meta name=\"twitter:card\" content=\"summary_large_image\" \/>\n<meta name=\"twitter:label1\" content=\"Gesch\u00e4tzte Lesezeit\" \/>\n\t<meta name=\"twitter:data1\" content=\"1 Minute\" \/>\n<script type=\"application\/ld+json\" class=\"yoast-schema-graph\">{\"@context\":\"https:\/\/schema.org\",\"@graph\":[{\"@type\":\"WebPage\",\"@id\":\"https:\/\/www.harveyspahotel.com\/de\/wo-finden-sie-uns\/kultur-freizeit-in-franzensbad\/musik-auf-der-kolonnade-cisarske-lazne\/\",\"url\":\"https:\/\/www.harveyspahotel.com\/de\/wo-finden-sie-uns\/kultur-freizeit-in-franzensbad\/musik-auf-der-kolonnade-cisarske-lazne\/\",\"name\":\"Musik auf der Kolonnade, C\u00edsa\u0159sk\u00e9 L\u00e1zn\u011b - Harvey Spa Hotel -\",\"isPartOf\":{\"@id\":\"https:\/\/www.harveyspahotel.com\/de\/#website\"},\"datePublished\":\"2023-08-03T14:12:03+00:00\",\"dateModified\":\"2025-08-07T12:58:52+00:00\",\"description\":\"Von Mai bis Sep gibt es Konzerte im Musikpavillon und auf der Promenade. Die Kaiserthermen bieten zudem Raum f\u00fcr Alter Musik oder Klassik.\",\"breadcrumb\":{\"@id\":\"https:\/\/www.harveyspahotel.com\/de\/wo-finden-sie-uns\/kultur-freizeit-in-franzensbad\/musik-auf-der-kolonnade-cisarske-lazne\/#breadcrumb\"},\"inLanguage\":\"de-DE\",\"potentialAction\":[{\"@type\":\"ReadAction\",\"target\":[\"https:\/\/www.harveyspahotel.com\/de\/wo-finden-sie-uns\/kultur-freizeit-in-franzensbad\/musik-auf-der-kolonnade-cisarske-lazne\/\"]}]},{\"@type\":\"BreadcrumbList\",\"@id\":\"https:\/\/www.harveyspahotel.com\/de\/wo-finden-sie-uns\/kultur-freizeit-in-franzensbad\/musik-auf-der-kolonnade-cisarske-lazne\/#breadcrumb\",\"itemListElement\":[{\"@type\":\"ListItem\",\"position\":1,\"name\":\"Home\",\"item\":\"https:\/\/www.harveyspahotel.com\/de\/\"},{\"@type\":\"ListItem\",\"position\":2,\"name\":\"Wo finden Sie uns\",\"item\":\"https:\/\/www.harveyspahotel.com\/de\/wo-finden-sie-uns\/\"},{\"@type\":\"ListItem\",\"position\":3,\"name\":\"Kultur, Freizeit in Franzensbad\",\"item\":\"https:\/\/www.harveyspahotel.com\/de\/wo-finden-sie-uns\/kultur-freizeit-in-franzensbad\/\"},{\"@type\":\"ListItem\",\"position\":4,\"name\":\"Musik auf der Kolonnade, C\u00edsa\u0159sk\u00e9 L\u00e1zn\u011b\"}]},{\"@type\":\"WebSite\",\"@id\":\"https:\/\/www.harveyspahotel.com\/de\/#website\",\"url\":\"https:\/\/www.harveyspahotel.com\/de\/\",\"name\":\"Harvey Spa Hotel\",\"description\":\"\",\"potentialAction\":[{\"@type\":\"SearchAction\",\"target\":{\"@type\":\"EntryPoint\",\"urlTemplate\":\"https:\/\/www.harveyspahotel.com\/de\/?s={search_term_string}\"},\"query-input\":\"required name=search_term_string\"}],\"inLanguage\":\"de-DE\"}]}<\/script>\n<!-- \/ Yoast SEO plugin. -->","yoast_head_json":{"title":"Musik auf der Kolonnade, C\u00edsa\u0159sk\u00e9 L\u00e1zn\u011b - Harvey Spa Hotel -","description":"Von Mai bis Sep gibt es Konzerte im Musikpavillon und auf der Promenade. Die Kaiserthermen bieten zudem Raum f\u00fcr Alter Musik oder Klassik.","robots":{"index":"noindex","follow":"nofollow"},"og_locale":"de_DE","og_type":"article","og_title":"Musik auf der Kolonnade, C\u00edsa\u0159sk\u00e9 L\u00e1zn\u011b - Harvey Spa Hotel -","og_description":"Von Mai bis Sep gibt es Konzerte im Musikpavillon und auf der Promenade. Die Kaiserthermen bieten zudem Raum f\u00fcr Alter Musik oder Klassik.","og_url":"https:\/\/www.harveyspahotel.com\/de\/wo-finden-sie-uns\/kultur-freizeit-in-franzensbad\/musik-auf-der-kolonnade-cisarske-lazne\/","og_site_name":"Harvey Spa Hotel","article_modified_time":"2025-08-07T12:58:52+00:00","twitter_card":"summary_large_image","twitter_misc":{"Gesch\u00e4tzte Lesezeit":"1 Minute"},"schema":{"@context":"https:\/\/schema.org","@graph":[{"@type":"WebPage","@id":"https:\/\/www.harveyspahotel.com\/de\/wo-finden-sie-uns\/kultur-freizeit-in-franzensbad\/musik-auf-der-kolonnade-cisarske-lazne\/","url":"https:\/\/www.harveyspahotel.com\/de\/wo-finden-sie-uns\/kultur-freizeit-in-franzensbad\/musik-auf-der-kolonnade-cisarske-lazne\/","name":"Musik auf der Kolonnade, C\u00edsa\u0159sk\u00e9 L\u00e1zn\u011b - Harvey Spa Hotel -","isPartOf":{"@id":"https:\/\/www.harveyspahotel.com\/de\/#website"},"datePublished":"2023-08-03T14:12:03+00:00","dateModified":"2025-08-07T12:58:52+00:00","description":"Von Mai bis Sep gibt es Konzerte im Musikpavillon und auf der Promenade. Die Kaiserthermen bieten zudem Raum f\u00fcr Alter Musik oder Klassik.","breadcrumb":{"@id":"https:\/\/www.harveyspahotel.com\/de\/wo-finden-sie-uns\/kultur-freizeit-in-franzensbad\/musik-auf-der-kolonnade-cisarske-lazne\/#breadcrumb"},"inLanguage":"de-DE","potentialAction":[{"@type":"ReadAction","target":["https:\/\/www.harveyspahotel.com\/de\/wo-finden-sie-uns\/kultur-freizeit-in-franzensbad\/musik-auf-der-kolonnade-cisarske-lazne\/"]}]},{"@type":"BreadcrumbList","@id":"https:\/\/www.harveyspahotel.com\/de\/wo-finden-sie-uns\/kultur-freizeit-in-franzensbad\/musik-auf-der-kolonnade-cisarske-lazne\/#breadcrumb","itemListElement":[{"@type":"ListItem","position":1,"name":"Home","item":"https:\/\/www.harveyspahotel.com\/de\/"},{"@type":"ListItem","position":2,"name":"Wo finden Sie uns","item":"https:\/\/www.harveyspahotel.com\/de\/wo-finden-sie-uns\/"},{"@type":"ListItem","position":3,"name":"Kultur, Freizeit in Franzensbad","item":"https:\/\/www.harveyspahotel.com\/de\/wo-finden-sie-uns\/kultur-freizeit-in-franzensbad\/"},{"@type":"ListItem","position":4,"name":"Musik auf der Kolonnade, C\u00edsa\u0159sk\u00e9 L\u00e1zn\u011b"}]},{"@type":"WebSite","@id":"https:\/\/www.harveyspahotel.com\/de\/#website","url":"https:\/\/www.harveyspahotel.com\/de\/","name":"Harvey Spa Hotel","description":"","potentialAction":[{"@type":"SearchAction","target":{"@type":"EntryPoint","urlTemplate":"https:\/\/www.harveyspahotel.com\/de\/?s={search_term_string}"},"query-input":"required name=search_term_string"}],"inLanguage":"de-DE"}]}},"acf":[],"_links":{"self":[{"href":"https:\/\/www.harveyspahotel.com\/de\/wp-json\/wp\/v2\/pages\/691"}],"collection":[{"href":"https:\/\/www.harveyspahotel.com\/de\/wp-json\/wp\/v2\/pages"}],"about":[{"href":"https:\/\/www.harveyspahotel.com\/de\/wp-json\/wp\/v2\/types\/page"}],"author":[{"embeddable":true,"href":"https:\/\/www.harveyspahotel.com\/de\/wp-json\/wp\/v2\/users\/7"}],"replies":[{"embeddable":true,"href":"https:\/\/www.harveyspahotel.com\/de\/wp-json\/wp\/v2\/comments?post=691"}],"version-history":[{"count":0,"href":"https:\/\/www.harveyspahotel.com\/de\/wp-json\/wp\/v2\/pages\/691\/revisions"}],"up":[{"embeddable":true,"href":"https:\/\/www.harveyspahotel.com\/de\/wp-json\/wp\/v2\/pages\/684"}],"wp:attachment":[{"href":"https:\/\/www.harveyspahotel.com\/de\/wp-json\/wp\/v2\/media?parent=691"}],"curies":[{"name":"wp","href":"https:\/\/api.w.org\/{rel}","templated":true}]}}