{"id":692,"date":"2023-08-03T14:12:46","date_gmt":"2023-08-03T14:12:46","guid":{"rendered":"https:\/\/www.harveyspahotel.com\/?page_id=692"},"modified":"2025-08-07T12:58:28","modified_gmt":"2025-08-07T12:58:28","slug":"katholische-kirche-der-erhoehung-des-heiligen-kreuzes","status":"publish","type":"page","link":"https:\/\/www.harveyspahotel.com\/de\/wo-finden-sie-uns\/kultur-freizeit-in-franzensbad\/katholische-kirche-der-erhoehung-des-heiligen-kreuzes\/","title":{"rendered":"Katholische Kirche der Erh\u00f6hung des Heiligen Kreuzes"},"content":{"rendered":"<p>Als Kaiser Franz I. 1812 Franzensbad besuchte, forderte der Egerer Magistrat den Bau einer richtigen Kurkirche. Der Bau wurde zwischen 1815 und 1820 nach den Pl\u00e4nen des Hofbauamtes mit einem Kostenaufwand von 85.000 Wiener Goldm\u00fcnzen durchgef\u00fchrt, wovon 72.000 von Kaiser Franz I. selbst gestiftet wurden.<\/p>\n<p>1814 ernannte der Kaiser auch den Orden vom Roten Kreuz zur Verwaltung des \u00f6rtlichen Klerus, der auch heute noch die 1868 gegr\u00fcndete Ortsgemeinde verwaltet.<\/p>\n","protected":false},"excerpt":{"rendered":"<p>Als Kaiser Franz I. 1812 Franzensbad besuchte, forderte der Egerer Magistrat den Bau einer richtigen Kurkirche. Der Bau wurde zwischen 1815 und 1820 nach den Pl\u00e4nen des Hofbauamtes mit einem Kostenaufwand von 85.000 Wiener Goldm\u00fcnzen durchgef\u00fchrt, wovon 72.000 von Kaiser Franz I. selbst gestiftet wurden. 1814 ernannte der Kaiser auch den Orden vom Roten Kreuz [&hellip;]<\/p>\n","protected":false},"author":7,"featured_media":0,"parent":684,"menu_order":80,"comment_status":"closed","ping_status":"closed","template":"","meta":{"footnotes":""},"class_list":["post-692","page","type-page","status-publish","hentry"],"yoast_head":"<!-- This site is optimized with the Yoast SEO plugin v27.3 - https:\/\/yoast.com\/product\/yoast-seo-wordpress\/ -->\n<title>Katholische Kirche der Erh\u00f6hung des Heiligen Kreuzes - Harvey Spa Hotel -<\/title>\n<meta name=\"description\" content=\"Als Kaiser Franz I. 1812 Franzensbad besuchte, forderte er den Bau einer Kurkirche. Der Orden vom Roten Kreuz verwaltet seit 1814 den \u00f6rtlichen Klerus.\" \/>\n<meta name=\"robots\" content=\"noindex, nofollow\" \/>\n<meta property=\"og:locale\" content=\"de_DE\" \/>\n<meta property=\"og:type\" content=\"article\" \/>\n<meta property=\"og:title\" content=\"Katholische Kirche der Erh\u00f6hung des Heiligen Kreuzes - Harvey Spa Hotel -\" \/>\n<meta property=\"og:description\" content=\"Als Kaiser Franz I. 1812 Franzensbad besuchte, forderte er den Bau einer Kurkirche. Der Orden vom Roten Kreuz verwaltet seit 1814 den \u00f6rtlichen Klerus.\" \/>\n<meta property=\"og:url\" content=\"https:\/\/www.harveyspahotel.com\/de\/wo-finden-sie-uns\/kultur-freizeit-in-franzensbad\/katholische-kirche-der-erhoehung-des-heiligen-kreuzes\/\" \/>\n<meta property=\"og:site_name\" content=\"Harvey Spa Hotel\" \/>\n<meta property=\"article:modified_time\" content=\"2025-08-07T12:58:28+00:00\" \/>\n<meta name=\"twitter:card\" content=\"summary_large_image\" \/>\n<meta name=\"twitter:label1\" content=\"Gesch\u00e4tzte Lesezeit\" \/>\n\t<meta name=\"twitter:data1\" content=\"1 Minute\" \/>\n<script type=\"application\/ld+json\" class=\"yoast-schema-graph\">{\"@context\":\"https:\\\/\\\/schema.org\",\"@graph\":[{\"@type\":\"WebPage\",\"@id\":\"https:\\\/\\\/www.harveyspahotel.com\\\/de\\\/wo-finden-sie-uns\\\/kultur-freizeit-in-franzensbad\\\/katholische-kirche-der-erhoehung-des-heiligen-kreuzes\\\/\",\"url\":\"https:\\\/\\\/www.harveyspahotel.com\\\/de\\\/wo-finden-sie-uns\\\/kultur-freizeit-in-franzensbad\\\/katholische-kirche-der-erhoehung-des-heiligen-kreuzes\\\/\",\"name\":\"Katholische Kirche der Erh\u00f6hung des Heiligen Kreuzes - Harvey Spa Hotel -\",\"isPartOf\":{\"@id\":\"https:\\\/\\\/www.harveyspahotel.com\\\/de\\\/#website\"},\"datePublished\":\"2023-08-03T14:12:46+00:00\",\"dateModified\":\"2025-08-07T12:58:28+00:00\",\"description\":\"Als Kaiser Franz I. 1812 Franzensbad besuchte, forderte er den Bau einer Kurkirche. Der Orden vom Roten Kreuz verwaltet seit 1814 den \u00f6rtlichen Klerus.\",\"breadcrumb\":{\"@id\":\"https:\\\/\\\/www.harveyspahotel.com\\\/de\\\/wo-finden-sie-uns\\\/kultur-freizeit-in-franzensbad\\\/katholische-kirche-der-erhoehung-des-heiligen-kreuzes\\\/#breadcrumb\"},\"inLanguage\":\"de-DE\",\"potentialAction\":[{\"@type\":\"ReadAction\",\"target\":[\"https:\\\/\\\/www.harveyspahotel.com\\\/de\\\/wo-finden-sie-uns\\\/kultur-freizeit-in-franzensbad\\\/katholische-kirche-der-erhoehung-des-heiligen-kreuzes\\\/\"]}]},{\"@type\":\"BreadcrumbList\",\"@id\":\"https:\\\/\\\/www.harveyspahotel.com\\\/de\\\/wo-finden-sie-uns\\\/kultur-freizeit-in-franzensbad\\\/katholische-kirche-der-erhoehung-des-heiligen-kreuzes\\\/#breadcrumb\",\"itemListElement\":[{\"@type\":\"ListItem\",\"position\":1,\"name\":\"Home\",\"item\":\"https:\\\/\\\/www.harveyspahotel.com\\\/de\\\/\"},{\"@type\":\"ListItem\",\"position\":2,\"name\":\"Wo finden Sie uns\",\"item\":\"https:\\\/\\\/www.harveyspahotel.com\\\/de\\\/wo-finden-sie-uns\\\/\"},{\"@type\":\"ListItem\",\"position\":3,\"name\":\"Kultur, Freizeit in Franzensbad\",\"item\":\"https:\\\/\\\/www.harveyspahotel.com\\\/de\\\/wo-finden-sie-uns\\\/kultur-freizeit-in-franzensbad\\\/\"},{\"@type\":\"ListItem\",\"position\":4,\"name\":\"Katholische Kirche der Erh\u00f6hung des Heiligen Kreuzes\"}]},{\"@type\":\"WebSite\",\"@id\":\"https:\\\/\\\/www.harveyspahotel.com\\\/de\\\/#website\",\"url\":\"https:\\\/\\\/www.harveyspahotel.com\\\/de\\\/\",\"name\":\"Harvey Spa Hotel\",\"description\":\"\",\"potentialAction\":[{\"@type\":\"SearchAction\",\"target\":{\"@type\":\"EntryPoint\",\"urlTemplate\":\"https:\\\/\\\/www.harveyspahotel.com\\\/de\\\/?s={search_term_string}\"},\"query-input\":{\"@type\":\"PropertyValueSpecification\",\"valueRequired\":true,\"valueName\":\"search_term_string\"}}],\"inLanguage\":\"de-DE\"}]}<\/script>\n<!-- \/ Yoast SEO plugin. -->","yoast_head_json":{"title":"Katholische Kirche der Erh\u00f6hung des Heiligen Kreuzes - Harvey Spa Hotel -","description":"Als Kaiser Franz I. 1812 Franzensbad besuchte, forderte er den Bau einer Kurkirche. Der Orden vom Roten Kreuz verwaltet seit 1814 den \u00f6rtlichen Klerus.","robots":{"index":"noindex","follow":"nofollow"},"og_locale":"de_DE","og_type":"article","og_title":"Katholische Kirche der Erh\u00f6hung des Heiligen Kreuzes - Harvey Spa Hotel -","og_description":"Als Kaiser Franz I. 1812 Franzensbad besuchte, forderte er den Bau einer Kurkirche. Der Orden vom Roten Kreuz verwaltet seit 1814 den \u00f6rtlichen Klerus.","og_url":"https:\/\/www.harveyspahotel.com\/de\/wo-finden-sie-uns\/kultur-freizeit-in-franzensbad\/katholische-kirche-der-erhoehung-des-heiligen-kreuzes\/","og_site_name":"Harvey Spa Hotel","article_modified_time":"2025-08-07T12:58:28+00:00","twitter_card":"summary_large_image","twitter_misc":{"Gesch\u00e4tzte Lesezeit":"1 Minute"},"schema":{"@context":"https:\/\/schema.org","@graph":[{"@type":"WebPage","@id":"https:\/\/www.harveyspahotel.com\/de\/wo-finden-sie-uns\/kultur-freizeit-in-franzensbad\/katholische-kirche-der-erhoehung-des-heiligen-kreuzes\/","url":"https:\/\/www.harveyspahotel.com\/de\/wo-finden-sie-uns\/kultur-freizeit-in-franzensbad\/katholische-kirche-der-erhoehung-des-heiligen-kreuzes\/","name":"Katholische Kirche der Erh\u00f6hung des Heiligen Kreuzes - Harvey Spa Hotel -","isPartOf":{"@id":"https:\/\/www.harveyspahotel.com\/de\/#website"},"datePublished":"2023-08-03T14:12:46+00:00","dateModified":"2025-08-07T12:58:28+00:00","description":"Als Kaiser Franz I. 1812 Franzensbad besuchte, forderte er den Bau einer Kurkirche. Der Orden vom Roten Kreuz verwaltet seit 1814 den \u00f6rtlichen Klerus.","breadcrumb":{"@id":"https:\/\/www.harveyspahotel.com\/de\/wo-finden-sie-uns\/kultur-freizeit-in-franzensbad\/katholische-kirche-der-erhoehung-des-heiligen-kreuzes\/#breadcrumb"},"inLanguage":"de-DE","potentialAction":[{"@type":"ReadAction","target":["https:\/\/www.harveyspahotel.com\/de\/wo-finden-sie-uns\/kultur-freizeit-in-franzensbad\/katholische-kirche-der-erhoehung-des-heiligen-kreuzes\/"]}]},{"@type":"BreadcrumbList","@id":"https:\/\/www.harveyspahotel.com\/de\/wo-finden-sie-uns\/kultur-freizeit-in-franzensbad\/katholische-kirche-der-erhoehung-des-heiligen-kreuzes\/#breadcrumb","itemListElement":[{"@type":"ListItem","position":1,"name":"Home","item":"https:\/\/www.harveyspahotel.com\/de\/"},{"@type":"ListItem","position":2,"name":"Wo finden Sie uns","item":"https:\/\/www.harveyspahotel.com\/de\/wo-finden-sie-uns\/"},{"@type":"ListItem","position":3,"name":"Kultur, Freizeit in Franzensbad","item":"https:\/\/www.harveyspahotel.com\/de\/wo-finden-sie-uns\/kultur-freizeit-in-franzensbad\/"},{"@type":"ListItem","position":4,"name":"Katholische Kirche der Erh\u00f6hung des Heiligen Kreuzes"}]},{"@type":"WebSite","@id":"https:\/\/www.harveyspahotel.com\/de\/#website","url":"https:\/\/www.harveyspahotel.com\/de\/","name":"Harvey Spa Hotel","description":"","potentialAction":[{"@type":"SearchAction","target":{"@type":"EntryPoint","urlTemplate":"https:\/\/www.harveyspahotel.com\/de\/?s={search_term_string}"},"query-input":{"@type":"PropertyValueSpecification","valueRequired":true,"valueName":"search_term_string"}}],"inLanguage":"de-DE"}]}},"acf":[],"_links":{"self":[{"href":"https:\/\/www.harveyspahotel.com\/de\/wp-json\/wp\/v2\/pages\/692","targetHints":{"allow":["GET"]}}],"collection":[{"href":"https:\/\/www.harveyspahotel.com\/de\/wp-json\/wp\/v2\/pages"}],"about":[{"href":"https:\/\/www.harveyspahotel.com\/de\/wp-json\/wp\/v2\/types\/page"}],"author":[{"embeddable":true,"href":"https:\/\/www.harveyspahotel.com\/de\/wp-json\/wp\/v2\/users\/7"}],"replies":[{"embeddable":true,"href":"https:\/\/www.harveyspahotel.com\/de\/wp-json\/wp\/v2\/comments?post=692"}],"version-history":[{"count":0,"href":"https:\/\/www.harveyspahotel.com\/de\/wp-json\/wp\/v2\/pages\/692\/revisions"}],"up":[{"embeddable":true,"href":"https:\/\/www.harveyspahotel.com\/de\/wp-json\/wp\/v2\/pages\/684"}],"wp:attachment":[{"href":"https:\/\/www.harveyspahotel.com\/de\/wp-json\/wp\/v2\/media?parent=692"}],"curies":[{"name":"wp","href":"https:\/\/api.w.org\/{rel}","templated":true}]}}