{"id":694,"date":"2023-08-03T14:15:56","date_gmt":"2023-08-03T14:15:56","guid":{"rendered":"https:\/\/www.harveyspahotel.com\/?page_id=694"},"modified":"2025-08-07T12:57:48","modified_gmt":"2025-08-07T12:57:48","slug":"frantovlacek-durch-das-stadtzentrum","status":"publish","type":"page","link":"https:\/\/www.harveyspahotel.com\/de\/wo-finden-sie-uns\/kultur-freizeit-in-franzensbad\/frantovlacek-durch-das-stadtzentrum\/","title":{"rendered":"Frantovl\u00e1\u010dek durch das Stadtzentrum"},"content":{"rendered":"<p>M\u00f6chten Sie bei einem 20-min\u00fctigen Rundgang durch das Zentrum mehr \u00fcber die Geschichte der Kurstadt erfahren? Sie erfahren zum Beispiel, wie viele Heilquellen Sie ausprobieren k\u00f6nnen, wo Franti\u0161ek liegt oder wann das malerische Franzensbad gegr\u00fcndet wurde.<\/p>\n","protected":false},"excerpt":{"rendered":"<p>M\u00f6chten Sie bei einem 20-min\u00fctigen Rundgang durch das Zentrum mehr \u00fcber die Geschichte der Kurstadt erfahren? Sie erfahren zum Beispiel, wie viele Heilquellen Sie ausprobieren k\u00f6nnen, wo Franti\u0161ek liegt oder wann das malerische Franzensbad gegr\u00fcndet wurde.<\/p>\n","protected":false},"author":7,"featured_media":0,"parent":684,"menu_order":100,"comment_status":"closed","ping_status":"closed","template":"","meta":{"footnotes":""},"yoast_head":"<!-- This site is optimized with the Yoast SEO plugin v22.3 - https:\/\/yoast.com\/wordpress\/plugins\/seo\/ -->\n<title>Frantovl\u00e1\u010dek durch das Stadtzentrum - Harvey Spa Hotel -<\/title>\n<meta name=\"description\" content=\"20-min\u00fctiger Rundgang durch Franzensbad: Erfahren Sie mehr \u00fcber die Geschichte, Heilquellen und die Gr\u00fcndung der Kurstadt.\" \/>\n<meta name=\"robots\" content=\"noindex, nofollow\" \/>\n<meta property=\"og:locale\" content=\"de_DE\" \/>\n<meta property=\"og:type\" content=\"article\" \/>\n<meta property=\"og:title\" content=\"Frantovl\u00e1\u010dek durch das Stadtzentrum - Harvey Spa Hotel -\" \/>\n<meta property=\"og:description\" content=\"20-min\u00fctiger Rundgang durch Franzensbad: Erfahren Sie mehr \u00fcber die Geschichte, Heilquellen und die Gr\u00fcndung der Kurstadt.\" \/>\n<meta property=\"og:url\" content=\"https:\/\/www.harveyspahotel.com\/de\/wo-finden-sie-uns\/kultur-freizeit-in-franzensbad\/frantovlacek-durch-das-stadtzentrum\/\" \/>\n<meta property=\"og:site_name\" content=\"Harvey Spa Hotel\" \/>\n<meta property=\"article:modified_time\" content=\"2025-08-07T12:57:48+00:00\" \/>\n<meta name=\"twitter:card\" content=\"summary_large_image\" \/>\n<meta name=\"twitter:label1\" content=\"Gesch\u00e4tzte Lesezeit\" \/>\n\t<meta name=\"twitter:data1\" content=\"1 Minute\" \/>\n<script type=\"application\/ld+json\" class=\"yoast-schema-graph\">{\"@context\":\"https:\/\/schema.org\",\"@graph\":[{\"@type\":\"WebPage\",\"@id\":\"https:\/\/www.harveyspahotel.com\/de\/wo-finden-sie-uns\/kultur-freizeit-in-franzensbad\/frantovlacek-durch-das-stadtzentrum\/\",\"url\":\"https:\/\/www.harveyspahotel.com\/de\/wo-finden-sie-uns\/kultur-freizeit-in-franzensbad\/frantovlacek-durch-das-stadtzentrum\/\",\"name\":\"Frantovl\u00e1\u010dek durch das Stadtzentrum - Harvey Spa Hotel -\",\"isPartOf\":{\"@id\":\"https:\/\/www.harveyspahotel.com\/de\/#website\"},\"datePublished\":\"2023-08-03T14:15:56+00:00\",\"dateModified\":\"2025-08-07T12:57:48+00:00\",\"description\":\"20-min\u00fctiger Rundgang durch Franzensbad: Erfahren Sie mehr \u00fcber die Geschichte, Heilquellen und die Gr\u00fcndung der Kurstadt.\",\"breadcrumb\":{\"@id\":\"https:\/\/www.harveyspahotel.com\/de\/wo-finden-sie-uns\/kultur-freizeit-in-franzensbad\/frantovlacek-durch-das-stadtzentrum\/#breadcrumb\"},\"inLanguage\":\"de-DE\",\"potentialAction\":[{\"@type\":\"ReadAction\",\"target\":[\"https:\/\/www.harveyspahotel.com\/de\/wo-finden-sie-uns\/kultur-freizeit-in-franzensbad\/frantovlacek-durch-das-stadtzentrum\/\"]}]},{\"@type\":\"BreadcrumbList\",\"@id\":\"https:\/\/www.harveyspahotel.com\/de\/wo-finden-sie-uns\/kultur-freizeit-in-franzensbad\/frantovlacek-durch-das-stadtzentrum\/#breadcrumb\",\"itemListElement\":[{\"@type\":\"ListItem\",\"position\":1,\"name\":\"Home\",\"item\":\"https:\/\/www.harveyspahotel.com\/de\/\"},{\"@type\":\"ListItem\",\"position\":2,\"name\":\"Wo finden Sie uns\",\"item\":\"https:\/\/www.harveyspahotel.com\/de\/wo-finden-sie-uns\/\"},{\"@type\":\"ListItem\",\"position\":3,\"name\":\"Kultur, Freizeit in Franzensbad\",\"item\":\"https:\/\/www.harveyspahotel.com\/de\/wo-finden-sie-uns\/kultur-freizeit-in-franzensbad\/\"},{\"@type\":\"ListItem\",\"position\":4,\"name\":\"Frantovl\u00e1\u010dek durch das Stadtzentrum\"}]},{\"@type\":\"WebSite\",\"@id\":\"https:\/\/www.harveyspahotel.com\/de\/#website\",\"url\":\"https:\/\/www.harveyspahotel.com\/de\/\",\"name\":\"Harvey Spa Hotel\",\"description\":\"\",\"potentialAction\":[{\"@type\":\"SearchAction\",\"target\":{\"@type\":\"EntryPoint\",\"urlTemplate\":\"https:\/\/www.harveyspahotel.com\/de\/?s={search_term_string}\"},\"query-input\":\"required name=search_term_string\"}],\"inLanguage\":\"de-DE\"}]}<\/script>\n<!-- \/ Yoast SEO plugin. -->","yoast_head_json":{"title":"Frantovl\u00e1\u010dek durch das Stadtzentrum - Harvey Spa Hotel -","description":"20-min\u00fctiger Rundgang durch Franzensbad: Erfahren Sie mehr \u00fcber die Geschichte, Heilquellen und die Gr\u00fcndung der Kurstadt.","robots":{"index":"noindex","follow":"nofollow"},"og_locale":"de_DE","og_type":"article","og_title":"Frantovl\u00e1\u010dek durch das Stadtzentrum - Harvey Spa Hotel -","og_description":"20-min\u00fctiger Rundgang durch Franzensbad: Erfahren Sie mehr \u00fcber die Geschichte, Heilquellen und die Gr\u00fcndung der Kurstadt.","og_url":"https:\/\/www.harveyspahotel.com\/de\/wo-finden-sie-uns\/kultur-freizeit-in-franzensbad\/frantovlacek-durch-das-stadtzentrum\/","og_site_name":"Harvey Spa Hotel","article_modified_time":"2025-08-07T12:57:48+00:00","twitter_card":"summary_large_image","twitter_misc":{"Gesch\u00e4tzte Lesezeit":"1 Minute"},"schema":{"@context":"https:\/\/schema.org","@graph":[{"@type":"WebPage","@id":"https:\/\/www.harveyspahotel.com\/de\/wo-finden-sie-uns\/kultur-freizeit-in-franzensbad\/frantovlacek-durch-das-stadtzentrum\/","url":"https:\/\/www.harveyspahotel.com\/de\/wo-finden-sie-uns\/kultur-freizeit-in-franzensbad\/frantovlacek-durch-das-stadtzentrum\/","name":"Frantovl\u00e1\u010dek durch das Stadtzentrum - Harvey Spa Hotel -","isPartOf":{"@id":"https:\/\/www.harveyspahotel.com\/de\/#website"},"datePublished":"2023-08-03T14:15:56+00:00","dateModified":"2025-08-07T12:57:48+00:00","description":"20-min\u00fctiger Rundgang durch Franzensbad: Erfahren Sie mehr \u00fcber die Geschichte, Heilquellen und die Gr\u00fcndung der Kurstadt.","breadcrumb":{"@id":"https:\/\/www.harveyspahotel.com\/de\/wo-finden-sie-uns\/kultur-freizeit-in-franzensbad\/frantovlacek-durch-das-stadtzentrum\/#breadcrumb"},"inLanguage":"de-DE","potentialAction":[{"@type":"ReadAction","target":["https:\/\/www.harveyspahotel.com\/de\/wo-finden-sie-uns\/kultur-freizeit-in-franzensbad\/frantovlacek-durch-das-stadtzentrum\/"]}]},{"@type":"BreadcrumbList","@id":"https:\/\/www.harveyspahotel.com\/de\/wo-finden-sie-uns\/kultur-freizeit-in-franzensbad\/frantovlacek-durch-das-stadtzentrum\/#breadcrumb","itemListElement":[{"@type":"ListItem","position":1,"name":"Home","item":"https:\/\/www.harveyspahotel.com\/de\/"},{"@type":"ListItem","position":2,"name":"Wo finden Sie uns","item":"https:\/\/www.harveyspahotel.com\/de\/wo-finden-sie-uns\/"},{"@type":"ListItem","position":3,"name":"Kultur, Freizeit in Franzensbad","item":"https:\/\/www.harveyspahotel.com\/de\/wo-finden-sie-uns\/kultur-freizeit-in-franzensbad\/"},{"@type":"ListItem","position":4,"name":"Frantovl\u00e1\u010dek durch das Stadtzentrum"}]},{"@type":"WebSite","@id":"https:\/\/www.harveyspahotel.com\/de\/#website","url":"https:\/\/www.harveyspahotel.com\/de\/","name":"Harvey Spa Hotel","description":"","potentialAction":[{"@type":"SearchAction","target":{"@type":"EntryPoint","urlTemplate":"https:\/\/www.harveyspahotel.com\/de\/?s={search_term_string}"},"query-input":"required name=search_term_string"}],"inLanguage":"de-DE"}]}},"acf":[],"_links":{"self":[{"href":"https:\/\/www.harveyspahotel.com\/de\/wp-json\/wp\/v2\/pages\/694"}],"collection":[{"href":"https:\/\/www.harveyspahotel.com\/de\/wp-json\/wp\/v2\/pages"}],"about":[{"href":"https:\/\/www.harveyspahotel.com\/de\/wp-json\/wp\/v2\/types\/page"}],"author":[{"embeddable":true,"href":"https:\/\/www.harveyspahotel.com\/de\/wp-json\/wp\/v2\/users\/7"}],"replies":[{"embeddable":true,"href":"https:\/\/www.harveyspahotel.com\/de\/wp-json\/wp\/v2\/comments?post=694"}],"version-history":[{"count":0,"href":"https:\/\/www.harveyspahotel.com\/de\/wp-json\/wp\/v2\/pages\/694\/revisions"}],"up":[{"embeddable":true,"href":"https:\/\/www.harveyspahotel.com\/de\/wp-json\/wp\/v2\/pages\/684"}],"wp:attachment":[{"href":"https:\/\/www.harveyspahotel.com\/de\/wp-json\/wp\/v2\/media?parent=694"}],"curies":[{"name":"wp","href":"https:\/\/api.w.org\/{rel}","templated":true}]}}