{"id":695,"date":"2023-08-03T14:16:44","date_gmt":"2023-08-03T14:16:44","guid":{"rendered":"https:\/\/www.harveyspahotel.com\/?page_id=695"},"modified":"2025-08-07T12:58:36","modified_gmt":"2025-08-07T12:58:36","slug":"mit-mikrozug-nach-amerika","status":"publish","type":"page","link":"https:\/\/www.harveyspahotel.com\/de\/wo-finden-sie-uns\/kultur-freizeit-in-franzensbad\/mit-mikrozug-nach-amerika\/","title":{"rendered":"Mit Mikrozug nach Amerika"},"content":{"rendered":"<p>Wenn Sie Ihr Lieblingsreiseziel auf eine andere Art besuchen m\u00f6chten, k\u00f6nnen Sie eine Reise mit dem Mikrozug unternehmen. Sie k\u00f6nnen am Milano Infocenter in Franzensbad (M\u00e1chova 8) einsteigen und einfach den angrenzenden Waldpark genie\u00dfen, bis Sie den beliebten Kinderspielplatz mit einem Minizoo erreichen und weiter zum Amerika-Teich gehen. Der Weg des roten Herzens beginnt ebenfalls am Eingang des Zoos und f\u00fchrt die Besucher auf einem Spaziergang zur\u00fcck zum Thermalbad.<\/p>\n","protected":false},"excerpt":{"rendered":"<p>Wenn Sie Ihr Lieblingsreiseziel auf eine andere Art besuchen m\u00f6chten, k\u00f6nnen Sie eine Reise mit dem Mikrozug unternehmen. Sie k\u00f6nnen am Milano Infocenter in Franzensbad (M\u00e1chova 8) einsteigen und einfach den angrenzenden Waldpark genie\u00dfen, bis Sie den beliebten Kinderspielplatz mit einem Minizoo erreichen und weiter zum Amerika-Teich gehen. Der Weg des roten Herzens beginnt ebenfalls [&hellip;]<\/p>\n","protected":false},"author":7,"featured_media":0,"parent":684,"menu_order":110,"comment_status":"closed","ping_status":"closed","template":"","meta":{"footnotes":""},"class_list":["post-695","page","type-page","status-publish","hentry"],"yoast_head":"<!-- This site is optimized with the Yoast SEO plugin v27.3 - https:\/\/yoast.com\/product\/yoast-seo-wordpress\/ -->\n<title>Mit Mikrozug nach Amerika - Harvey Spa Hotel -<\/title>\n<meta name=\"description\" content=\"Mikrozug ab Milano Infocenter in Franzensbad: Fahrt durch den Waldpark zum Spielplatz, Minizoo und Amerika-Teich, R\u00fcckweg durchs Thermalbad.\" \/>\n<meta name=\"robots\" content=\"noindex, nofollow\" \/>\n<meta property=\"og:locale\" content=\"de_DE\" \/>\n<meta property=\"og:type\" content=\"article\" \/>\n<meta property=\"og:title\" content=\"Mit Mikrozug nach Amerika - Harvey Spa Hotel -\" \/>\n<meta property=\"og:description\" content=\"Mikrozug ab Milano Infocenter in Franzensbad: Fahrt durch den Waldpark zum Spielplatz, Minizoo und Amerika-Teich, R\u00fcckweg durchs Thermalbad.\" \/>\n<meta property=\"og:url\" content=\"https:\/\/www.harveyspahotel.com\/de\/wo-finden-sie-uns\/kultur-freizeit-in-franzensbad\/mit-mikrozug-nach-amerika\/\" \/>\n<meta property=\"og:site_name\" content=\"Harvey Spa Hotel\" \/>\n<meta property=\"article:modified_time\" content=\"2025-08-07T12:58:36+00:00\" \/>\n<meta name=\"twitter:card\" content=\"summary_large_image\" \/>\n<meta name=\"twitter:label1\" content=\"Gesch\u00e4tzte Lesezeit\" \/>\n\t<meta name=\"twitter:data1\" content=\"1 Minute\" \/>\n<script type=\"application\/ld+json\" class=\"yoast-schema-graph\">{\"@context\":\"https:\\\/\\\/schema.org\",\"@graph\":[{\"@type\":\"WebPage\",\"@id\":\"https:\\\/\\\/www.harveyspahotel.com\\\/de\\\/wo-finden-sie-uns\\\/kultur-freizeit-in-franzensbad\\\/mit-mikrozug-nach-amerika\\\/\",\"url\":\"https:\\\/\\\/www.harveyspahotel.com\\\/de\\\/wo-finden-sie-uns\\\/kultur-freizeit-in-franzensbad\\\/mit-mikrozug-nach-amerika\\\/\",\"name\":\"Mit Mikrozug nach Amerika - Harvey Spa Hotel -\",\"isPartOf\":{\"@id\":\"https:\\\/\\\/www.harveyspahotel.com\\\/de\\\/#website\"},\"datePublished\":\"2023-08-03T14:16:44+00:00\",\"dateModified\":\"2025-08-07T12:58:36+00:00\",\"description\":\"Mikrozug ab Milano Infocenter in Franzensbad: Fahrt durch den Waldpark zum Spielplatz, Minizoo und Amerika-Teich, R\u00fcckweg durchs Thermalbad.\",\"breadcrumb\":{\"@id\":\"https:\\\/\\\/www.harveyspahotel.com\\\/de\\\/wo-finden-sie-uns\\\/kultur-freizeit-in-franzensbad\\\/mit-mikrozug-nach-amerika\\\/#breadcrumb\"},\"inLanguage\":\"de-DE\",\"potentialAction\":[{\"@type\":\"ReadAction\",\"target\":[\"https:\\\/\\\/www.harveyspahotel.com\\\/de\\\/wo-finden-sie-uns\\\/kultur-freizeit-in-franzensbad\\\/mit-mikrozug-nach-amerika\\\/\"]}]},{\"@type\":\"BreadcrumbList\",\"@id\":\"https:\\\/\\\/www.harveyspahotel.com\\\/de\\\/wo-finden-sie-uns\\\/kultur-freizeit-in-franzensbad\\\/mit-mikrozug-nach-amerika\\\/#breadcrumb\",\"itemListElement\":[{\"@type\":\"ListItem\",\"position\":1,\"name\":\"Home\",\"item\":\"https:\\\/\\\/www.harveyspahotel.com\\\/de\\\/\"},{\"@type\":\"ListItem\",\"position\":2,\"name\":\"Wo finden Sie uns\",\"item\":\"https:\\\/\\\/www.harveyspahotel.com\\\/de\\\/wo-finden-sie-uns\\\/\"},{\"@type\":\"ListItem\",\"position\":3,\"name\":\"Kultur, Freizeit in Franzensbad\",\"item\":\"https:\\\/\\\/www.harveyspahotel.com\\\/de\\\/wo-finden-sie-uns\\\/kultur-freizeit-in-franzensbad\\\/\"},{\"@type\":\"ListItem\",\"position\":4,\"name\":\"Mit Mikrozug nach Amerika\"}]},{\"@type\":\"WebSite\",\"@id\":\"https:\\\/\\\/www.harveyspahotel.com\\\/de\\\/#website\",\"url\":\"https:\\\/\\\/www.harveyspahotel.com\\\/de\\\/\",\"name\":\"Harvey Spa Hotel\",\"description\":\"\",\"potentialAction\":[{\"@type\":\"SearchAction\",\"target\":{\"@type\":\"EntryPoint\",\"urlTemplate\":\"https:\\\/\\\/www.harveyspahotel.com\\\/de\\\/?s={search_term_string}\"},\"query-input\":{\"@type\":\"PropertyValueSpecification\",\"valueRequired\":true,\"valueName\":\"search_term_string\"}}],\"inLanguage\":\"de-DE\"}]}<\/script>\n<!-- \/ Yoast SEO plugin. -->","yoast_head_json":{"title":"Mit Mikrozug nach Amerika - Harvey Spa Hotel -","description":"Mikrozug ab Milano Infocenter in Franzensbad: Fahrt durch den Waldpark zum Spielplatz, Minizoo und Amerika-Teich, R\u00fcckweg durchs Thermalbad.","robots":{"index":"noindex","follow":"nofollow"},"og_locale":"de_DE","og_type":"article","og_title":"Mit Mikrozug nach Amerika - Harvey Spa Hotel -","og_description":"Mikrozug ab Milano Infocenter in Franzensbad: Fahrt durch den Waldpark zum Spielplatz, Minizoo und Amerika-Teich, R\u00fcckweg durchs Thermalbad.","og_url":"https:\/\/www.harveyspahotel.com\/de\/wo-finden-sie-uns\/kultur-freizeit-in-franzensbad\/mit-mikrozug-nach-amerika\/","og_site_name":"Harvey Spa Hotel","article_modified_time":"2025-08-07T12:58:36+00:00","twitter_card":"summary_large_image","twitter_misc":{"Gesch\u00e4tzte Lesezeit":"1 Minute"},"schema":{"@context":"https:\/\/schema.org","@graph":[{"@type":"WebPage","@id":"https:\/\/www.harveyspahotel.com\/de\/wo-finden-sie-uns\/kultur-freizeit-in-franzensbad\/mit-mikrozug-nach-amerika\/","url":"https:\/\/www.harveyspahotel.com\/de\/wo-finden-sie-uns\/kultur-freizeit-in-franzensbad\/mit-mikrozug-nach-amerika\/","name":"Mit Mikrozug nach Amerika - Harvey Spa Hotel -","isPartOf":{"@id":"https:\/\/www.harveyspahotel.com\/de\/#website"},"datePublished":"2023-08-03T14:16:44+00:00","dateModified":"2025-08-07T12:58:36+00:00","description":"Mikrozug ab Milano Infocenter in Franzensbad: Fahrt durch den Waldpark zum Spielplatz, Minizoo und Amerika-Teich, R\u00fcckweg durchs Thermalbad.","breadcrumb":{"@id":"https:\/\/www.harveyspahotel.com\/de\/wo-finden-sie-uns\/kultur-freizeit-in-franzensbad\/mit-mikrozug-nach-amerika\/#breadcrumb"},"inLanguage":"de-DE","potentialAction":[{"@type":"ReadAction","target":["https:\/\/www.harveyspahotel.com\/de\/wo-finden-sie-uns\/kultur-freizeit-in-franzensbad\/mit-mikrozug-nach-amerika\/"]}]},{"@type":"BreadcrumbList","@id":"https:\/\/www.harveyspahotel.com\/de\/wo-finden-sie-uns\/kultur-freizeit-in-franzensbad\/mit-mikrozug-nach-amerika\/#breadcrumb","itemListElement":[{"@type":"ListItem","position":1,"name":"Home","item":"https:\/\/www.harveyspahotel.com\/de\/"},{"@type":"ListItem","position":2,"name":"Wo finden Sie uns","item":"https:\/\/www.harveyspahotel.com\/de\/wo-finden-sie-uns\/"},{"@type":"ListItem","position":3,"name":"Kultur, Freizeit in Franzensbad","item":"https:\/\/www.harveyspahotel.com\/de\/wo-finden-sie-uns\/kultur-freizeit-in-franzensbad\/"},{"@type":"ListItem","position":4,"name":"Mit Mikrozug nach Amerika"}]},{"@type":"WebSite","@id":"https:\/\/www.harveyspahotel.com\/de\/#website","url":"https:\/\/www.harveyspahotel.com\/de\/","name":"Harvey Spa Hotel","description":"","potentialAction":[{"@type":"SearchAction","target":{"@type":"EntryPoint","urlTemplate":"https:\/\/www.harveyspahotel.com\/de\/?s={search_term_string}"},"query-input":{"@type":"PropertyValueSpecification","valueRequired":true,"valueName":"search_term_string"}}],"inLanguage":"de-DE"}]}},"acf":[],"_links":{"self":[{"href":"https:\/\/www.harveyspahotel.com\/de\/wp-json\/wp\/v2\/pages\/695","targetHints":{"allow":["GET"]}}],"collection":[{"href":"https:\/\/www.harveyspahotel.com\/de\/wp-json\/wp\/v2\/pages"}],"about":[{"href":"https:\/\/www.harveyspahotel.com\/de\/wp-json\/wp\/v2\/types\/page"}],"author":[{"embeddable":true,"href":"https:\/\/www.harveyspahotel.com\/de\/wp-json\/wp\/v2\/users\/7"}],"replies":[{"embeddable":true,"href":"https:\/\/www.harveyspahotel.com\/de\/wp-json\/wp\/v2\/comments?post=695"}],"version-history":[{"count":0,"href":"https:\/\/www.harveyspahotel.com\/de\/wp-json\/wp\/v2\/pages\/695\/revisions"}],"up":[{"embeddable":true,"href":"https:\/\/www.harveyspahotel.com\/de\/wp-json\/wp\/v2\/pages\/684"}],"wp:attachment":[{"href":"https:\/\/www.harveyspahotel.com\/de\/wp-json\/wp\/v2\/media?parent=695"}],"curies":[{"name":"wp","href":"https:\/\/api.w.org\/{rel}","templated":true}]}}