{"id":701,"date":"2023-08-03T14:22:56","date_gmt":"2023-08-03T14:22:56","guid":{"rendered":"https:\/\/www.harveyspahotel.com\/?page_id=701"},"modified":"2023-09-01T13:19:13","modified_gmt":"2023-09-01T13:19:13","slug":"bewertungen-von-hotelgaesten","status":"publish","type":"page","link":"https:\/\/www.harveyspahotel.com\/de\/bewertungen-von-hotelgaesten\/","title":{"rendered":"Bewertungen von Hotelg\u00e4sten"},"content":{"rendered":"<p>Ihr Feedback ist nicht nur ein Wort, es ist wichtig f\u00fcr uns, es verbessert und st\u00e4rkt unser Produkt und erh\u00f6ht den Komfort Ihres Aufenthalts und den Aufenthalt anderer G\u00e4ste bei uns in Franzensbad. Wir begr\u00fc\u00dfen Ihr Feedback und w\u00fcrden uns freuen, von Ihnen zu h\u00f6ren.<\/p>\n","protected":false},"excerpt":{"rendered":"<p>Ihr Feedback ist nicht nur ein Wort, es ist wichtig f\u00fcr uns, es verbessert und st\u00e4rkt unser Produkt und erh\u00f6ht den Komfort Ihres Aufenthalts und den Aufenthalt anderer G\u00e4ste bei uns in Franzensbad. Wir begr\u00fc\u00dfen Ihr Feedback und w\u00fcrden uns freuen, von Ihnen zu h\u00f6ren.<\/p>\n","protected":false},"author":7,"featured_media":0,"parent":0,"menu_order":140,"comment_status":"closed","ping_status":"closed","template":"template-guest-review.php","meta":{"footnotes":""},"class_list":["post-701","page","type-page","status-publish","hentry"],"yoast_head":"<!-- This site is optimized with the Yoast SEO plugin v27.3 - https:\/\/yoast.com\/product\/yoast-seo-wordpress\/ -->\n<title>Bewertungen von Hotelg\u00e4sten - Harvey Spa Hotel -<\/title>\n<meta name=\"description\" content=\"Ihr Feedback ist nicht nur ein Wort, es ist wichtig f\u00fcr uns, es verbessert und st\u00e4rkt unser Produkt und erh\u00f6ht den Komfort Ihres Aufenthalts und den Aufenthalt anderer G\u00e4ste bei uns in Franzensbad. Wir begr\u00fc\u00dfen Ihr Feedback und w\u00fcrden uns freuen, von Ihnen zu h\u00f6ren.\" \/>\n<meta name=\"robots\" content=\"index, follow, max-snippet:-1, max-image-preview:large, max-video-preview:-1\" \/>\n<link rel=\"canonical\" href=\"https:\/\/www.harveyspahotel.com\/de\/bewertungen-von-hotelgaesten\/\" \/>\n<meta property=\"og:locale\" content=\"de_DE\" \/>\n<meta property=\"og:type\" content=\"article\" \/>\n<meta property=\"og:title\" content=\"Bewertungen von Hotelg\u00e4sten - Harvey Spa Hotel -\" \/>\n<meta property=\"og:description\" content=\"Ihr Feedback ist nicht nur ein Wort, es ist wichtig f\u00fcr uns, es verbessert und st\u00e4rkt unser Produkt und erh\u00f6ht den Komfort Ihres Aufenthalts und den Aufenthalt anderer G\u00e4ste bei uns in Franzensbad. Wir begr\u00fc\u00dfen Ihr Feedback und w\u00fcrden uns freuen, von Ihnen zu h\u00f6ren.\" \/>\n<meta property=\"og:url\" content=\"https:\/\/www.harveyspahotel.com\/de\/bewertungen-von-hotelgaesten\/\" \/>\n<meta property=\"og:site_name\" content=\"Harvey Spa Hotel\" \/>\n<meta property=\"article:modified_time\" content=\"2023-09-01T13:19:13+00:00\" \/>\n<meta name=\"twitter:card\" content=\"summary_large_image\" \/>\n<script type=\"application\/ld+json\" class=\"yoast-schema-graph\">{\"@context\":\"https:\\\/\\\/schema.org\",\"@graph\":[{\"@type\":\"WebPage\",\"@id\":\"https:\\\/\\\/www.harveyspahotel.com\\\/de\\\/bewertungen-von-hotelgaesten\\\/\",\"url\":\"https:\\\/\\\/www.harveyspahotel.com\\\/de\\\/bewertungen-von-hotelgaesten\\\/\",\"name\":\"Bewertungen von Hotelg\u00e4sten - Harvey Spa Hotel -\",\"isPartOf\":{\"@id\":\"https:\\\/\\\/www.harveyspahotel.com\\\/de\\\/#website\"},\"datePublished\":\"2023-08-03T14:22:56+00:00\",\"dateModified\":\"2023-09-01T13:19:13+00:00\",\"description\":\"Ihr Feedback ist nicht nur ein Wort, es ist wichtig f\u00fcr uns, es verbessert und st\u00e4rkt unser Produkt und erh\u00f6ht den Komfort Ihres Aufenthalts und den Aufenthalt anderer G\u00e4ste bei uns in Franzensbad. Wir begr\u00fc\u00dfen Ihr Feedback und w\u00fcrden uns freuen, von Ihnen zu h\u00f6ren.\",\"breadcrumb\":{\"@id\":\"https:\\\/\\\/www.harveyspahotel.com\\\/de\\\/bewertungen-von-hotelgaesten\\\/#breadcrumb\"},\"inLanguage\":\"de-DE\",\"potentialAction\":[{\"@type\":\"ReadAction\",\"target\":[\"https:\\\/\\\/www.harveyspahotel.com\\\/de\\\/bewertungen-von-hotelgaesten\\\/\"]}]},{\"@type\":\"BreadcrumbList\",\"@id\":\"https:\\\/\\\/www.harveyspahotel.com\\\/de\\\/bewertungen-von-hotelgaesten\\\/#breadcrumb\",\"itemListElement\":[{\"@type\":\"ListItem\",\"position\":1,\"name\":\"Home\",\"item\":\"https:\\\/\\\/www.harveyspahotel.com\\\/de\\\/\"},{\"@type\":\"ListItem\",\"position\":2,\"name\":\"Bewertungen von Hotelg\u00e4sten\"}]},{\"@type\":\"WebSite\",\"@id\":\"https:\\\/\\\/www.harveyspahotel.com\\\/de\\\/#website\",\"url\":\"https:\\\/\\\/www.harveyspahotel.com\\\/de\\\/\",\"name\":\"Harvey Spa Hotel\",\"description\":\"\",\"potentialAction\":[{\"@type\":\"SearchAction\",\"target\":{\"@type\":\"EntryPoint\",\"urlTemplate\":\"https:\\\/\\\/www.harveyspahotel.com\\\/de\\\/?s={search_term_string}\"},\"query-input\":{\"@type\":\"PropertyValueSpecification\",\"valueRequired\":true,\"valueName\":\"search_term_string\"}}],\"inLanguage\":\"de-DE\"}]}<\/script>\n<!-- \/ Yoast SEO plugin. -->","yoast_head_json":{"title":"Bewertungen von Hotelg\u00e4sten - Harvey Spa Hotel -","description":"Ihr Feedback ist nicht nur ein Wort, es ist wichtig f\u00fcr uns, es verbessert und st\u00e4rkt unser Produkt und erh\u00f6ht den Komfort Ihres Aufenthalts und den Aufenthalt anderer G\u00e4ste bei uns in Franzensbad. Wir begr\u00fc\u00dfen Ihr Feedback und w\u00fcrden uns freuen, von Ihnen zu h\u00f6ren.","robots":{"index":"index","follow":"follow","max-snippet":"max-snippet:-1","max-image-preview":"max-image-preview:large","max-video-preview":"max-video-preview:-1"},"canonical":"https:\/\/www.harveyspahotel.com\/de\/bewertungen-von-hotelgaesten\/","og_locale":"de_DE","og_type":"article","og_title":"Bewertungen von Hotelg\u00e4sten - Harvey Spa Hotel -","og_description":"Ihr Feedback ist nicht nur ein Wort, es ist wichtig f\u00fcr uns, es verbessert und st\u00e4rkt unser Produkt und erh\u00f6ht den Komfort Ihres Aufenthalts und den Aufenthalt anderer G\u00e4ste bei uns in Franzensbad. Wir begr\u00fc\u00dfen Ihr Feedback und w\u00fcrden uns freuen, von Ihnen zu h\u00f6ren.","og_url":"https:\/\/www.harveyspahotel.com\/de\/bewertungen-von-hotelgaesten\/","og_site_name":"Harvey Spa Hotel","article_modified_time":"2023-09-01T13:19:13+00:00","twitter_card":"summary_large_image","schema":{"@context":"https:\/\/schema.org","@graph":[{"@type":"WebPage","@id":"https:\/\/www.harveyspahotel.com\/de\/bewertungen-von-hotelgaesten\/","url":"https:\/\/www.harveyspahotel.com\/de\/bewertungen-von-hotelgaesten\/","name":"Bewertungen von Hotelg\u00e4sten - Harvey Spa Hotel -","isPartOf":{"@id":"https:\/\/www.harveyspahotel.com\/de\/#website"},"datePublished":"2023-08-03T14:22:56+00:00","dateModified":"2023-09-01T13:19:13+00:00","description":"Ihr Feedback ist nicht nur ein Wort, es ist wichtig f\u00fcr uns, es verbessert und st\u00e4rkt unser Produkt und erh\u00f6ht den Komfort Ihres Aufenthalts und den Aufenthalt anderer G\u00e4ste bei uns in Franzensbad. Wir begr\u00fc\u00dfen Ihr Feedback und w\u00fcrden uns freuen, von Ihnen zu h\u00f6ren.","breadcrumb":{"@id":"https:\/\/www.harveyspahotel.com\/de\/bewertungen-von-hotelgaesten\/#breadcrumb"},"inLanguage":"de-DE","potentialAction":[{"@type":"ReadAction","target":["https:\/\/www.harveyspahotel.com\/de\/bewertungen-von-hotelgaesten\/"]}]},{"@type":"BreadcrumbList","@id":"https:\/\/www.harveyspahotel.com\/de\/bewertungen-von-hotelgaesten\/#breadcrumb","itemListElement":[{"@type":"ListItem","position":1,"name":"Home","item":"https:\/\/www.harveyspahotel.com\/de\/"},{"@type":"ListItem","position":2,"name":"Bewertungen von Hotelg\u00e4sten"}]},{"@type":"WebSite","@id":"https:\/\/www.harveyspahotel.com\/de\/#website","url":"https:\/\/www.harveyspahotel.com\/de\/","name":"Harvey Spa Hotel","description":"","potentialAction":[{"@type":"SearchAction","target":{"@type":"EntryPoint","urlTemplate":"https:\/\/www.harveyspahotel.com\/de\/?s={search_term_string}"},"query-input":{"@type":"PropertyValueSpecification","valueRequired":true,"valueName":"search_term_string"}}],"inLanguage":"de-DE"}]}},"acf":[],"_links":{"self":[{"href":"https:\/\/www.harveyspahotel.com\/de\/wp-json\/wp\/v2\/pages\/701","targetHints":{"allow":["GET"]}}],"collection":[{"href":"https:\/\/www.harveyspahotel.com\/de\/wp-json\/wp\/v2\/pages"}],"about":[{"href":"https:\/\/www.harveyspahotel.com\/de\/wp-json\/wp\/v2\/types\/page"}],"author":[{"embeddable":true,"href":"https:\/\/www.harveyspahotel.com\/de\/wp-json\/wp\/v2\/users\/7"}],"replies":[{"embeddable":true,"href":"https:\/\/www.harveyspahotel.com\/de\/wp-json\/wp\/v2\/comments?post=701"}],"version-history":[{"count":0,"href":"https:\/\/www.harveyspahotel.com\/de\/wp-json\/wp\/v2\/pages\/701\/revisions"}],"wp:attachment":[{"href":"https:\/\/www.harveyspahotel.com\/de\/wp-json\/wp\/v2\/media?parent=701"}],"curies":[{"name":"wp","href":"https:\/\/api.w.org\/{rel}","templated":true}]}}