{"id":790,"date":"2023-10-09T14:59:38","date_gmt":"2023-10-09T14:59:38","guid":{"rendered":"https:\/\/www.harveyspahotel.com\/?page_id=790"},"modified":"2025-08-07T12:54:16","modified_gmt":"2025-08-07T12:54:16","slug":"perlbad","status":"publish","type":"page","link":"https:\/\/www.harveyspahotel.com\/de\/wellness\/massagen\/perlbad\/","title":{"rendered":"Perlbad"},"content":{"rendered":"<p>W\u00e4hrend des Eingriffs wird der Patient in eine Wanne mit k\u00f6rperwarmem Trinkwasser getaucht, an deren Boden sich mehrere kleine L\u00f6cher befinden, durch die Druckluft zugef\u00fchrt wird, wodurch zahlreiche kleine Bl\u00e4schen entstehen. Die aufsteigenden Blasen reizen sanft die Ber\u00fchrungssensoren in der Haut der untergetauchten K\u00f6rperoberfl\u00e4che. Das Verfahren hat eine erhebliche psychische, vegetative und k\u00f6rperliche Beruhigungswirkung und wird vor allem bei Zust\u00e4nden im Zusammenhang mit vegetativer Unausgeglichenheit, in der Rekonvaleszenz nach schweren Erkrankungen, Verletzungen und Operationen sowie bei psychogener oder stressbedingter erh\u00f6hter Muskelspannung eingesetzt.<\/p>\n","protected":false},"excerpt":{"rendered":"<p>W\u00e4hrend des Eingriffs wird der Patient in eine Wanne mit k\u00f6rperwarmem Trinkwasser getaucht, an deren Boden sich mehrere kleine L\u00f6cher befinden, durch die Druckluft zugef\u00fchrt wird, wodurch zahlreiche kleine Bl\u00e4schen entstehen. Die aufsteigenden Blasen reizen sanft die Ber\u00fchrungssensoren in der Haut der untergetauchten K\u00f6rperoberfl\u00e4che. Das Verfahren hat eine erhebliche psychische, vegetative und k\u00f6rperliche Beruhigungswirkung und [&hellip;]<\/p>\n","protected":false},"author":7,"featured_media":0,"parent":653,"menu_order":3,"comment_status":"closed","ping_status":"closed","template":"template-single-massage.php","meta":{"footnotes":""},"yoast_head":"<!-- This site is optimized with the Yoast SEO plugin v22.3 - https:\/\/yoast.com\/wordpress\/plugins\/seo\/ -->\n<title>Perlbad - Harvey Spa Hotel -<\/title>\n<meta name=\"description\" content=\"Warmwasserbad mit Bl\u00e4schen, die Hautsensoren stimulieren und tiefe Entspannung f\u00f6rdern. Ideal bei Stress und Muskelverspannungen.\" \/>\n<meta name=\"robots\" content=\"noindex, nofollow\" \/>\n<meta property=\"og:locale\" content=\"de_DE\" \/>\n<meta property=\"og:type\" content=\"article\" \/>\n<meta property=\"og:title\" content=\"Perlbad - Harvey Spa Hotel -\" \/>\n<meta property=\"og:description\" content=\"Warmwasserbad mit Bl\u00e4schen, die Hautsensoren stimulieren und tiefe Entspannung f\u00f6rdern. Ideal bei Stress und Muskelverspannungen.\" \/>\n<meta property=\"og:url\" content=\"https:\/\/www.harveyspahotel.com\/de\/wellness\/massagen\/perlbad\/\" \/>\n<meta property=\"og:site_name\" content=\"Harvey Spa Hotel\" \/>\n<meta property=\"article:modified_time\" content=\"2025-08-07T12:54:16+00:00\" \/>\n<meta name=\"twitter:card\" content=\"summary_large_image\" \/>\n<meta name=\"twitter:label1\" content=\"Gesch\u00e4tzte Lesezeit\" \/>\n\t<meta name=\"twitter:data1\" content=\"1 Minute\" \/>\n<script type=\"application\/ld+json\" class=\"yoast-schema-graph\">{\"@context\":\"https:\/\/schema.org\",\"@graph\":[{\"@type\":\"WebPage\",\"@id\":\"https:\/\/www.harveyspahotel.com\/de\/wellness\/massagen\/perlbad\/\",\"url\":\"https:\/\/www.harveyspahotel.com\/de\/wellness\/massagen\/perlbad\/\",\"name\":\"Perlbad - Harvey Spa Hotel -\",\"isPartOf\":{\"@id\":\"https:\/\/www.harveyspahotel.com\/de\/#website\"},\"datePublished\":\"2023-10-09T14:59:38+00:00\",\"dateModified\":\"2025-08-07T12:54:16+00:00\",\"description\":\"Warmwasserbad mit Bl\u00e4schen, die Hautsensoren stimulieren und tiefe Entspannung f\u00f6rdern. Ideal bei Stress und Muskelverspannungen.\",\"breadcrumb\":{\"@id\":\"https:\/\/www.harveyspahotel.com\/de\/wellness\/massagen\/perlbad\/#breadcrumb\"},\"inLanguage\":\"de-DE\",\"potentialAction\":[{\"@type\":\"ReadAction\",\"target\":[\"https:\/\/www.harveyspahotel.com\/de\/wellness\/massagen\/perlbad\/\"]}]},{\"@type\":\"BreadcrumbList\",\"@id\":\"https:\/\/www.harveyspahotel.com\/de\/wellness\/massagen\/perlbad\/#breadcrumb\",\"itemListElement\":[{\"@type\":\"ListItem\",\"position\":1,\"name\":\"Home\",\"item\":\"https:\/\/www.harveyspahotel.com\/de\/\"},{\"@type\":\"ListItem\",\"position\":2,\"name\":\"Wellness\",\"item\":\"https:\/\/www.harveyspahotel.com\/de\/wellness\/\"},{\"@type\":\"ListItem\",\"position\":3,\"name\":\"Massagen\",\"item\":\"https:\/\/www.harveyspahotel.com\/de\/wellness\/massagen\/\"},{\"@type\":\"ListItem\",\"position\":4,\"name\":\"Perlbad\"}]},{\"@type\":\"WebSite\",\"@id\":\"https:\/\/www.harveyspahotel.com\/de\/#website\",\"url\":\"https:\/\/www.harveyspahotel.com\/de\/\",\"name\":\"Harvey Spa Hotel\",\"description\":\"\",\"potentialAction\":[{\"@type\":\"SearchAction\",\"target\":{\"@type\":\"EntryPoint\",\"urlTemplate\":\"https:\/\/www.harveyspahotel.com\/de\/?s={search_term_string}\"},\"query-input\":\"required name=search_term_string\"}],\"inLanguage\":\"de-DE\"}]}<\/script>\n<!-- \/ Yoast SEO plugin. -->","yoast_head_json":{"title":"Perlbad - Harvey Spa Hotel -","description":"Warmwasserbad mit Bl\u00e4schen, die Hautsensoren stimulieren und tiefe Entspannung f\u00f6rdern. Ideal bei Stress und Muskelverspannungen.","robots":{"index":"noindex","follow":"nofollow"},"og_locale":"de_DE","og_type":"article","og_title":"Perlbad - Harvey Spa Hotel -","og_description":"Warmwasserbad mit Bl\u00e4schen, die Hautsensoren stimulieren und tiefe Entspannung f\u00f6rdern. Ideal bei Stress und Muskelverspannungen.","og_url":"https:\/\/www.harveyspahotel.com\/de\/wellness\/massagen\/perlbad\/","og_site_name":"Harvey Spa Hotel","article_modified_time":"2025-08-07T12:54:16+00:00","twitter_card":"summary_large_image","twitter_misc":{"Gesch\u00e4tzte Lesezeit":"1 Minute"},"schema":{"@context":"https:\/\/schema.org","@graph":[{"@type":"WebPage","@id":"https:\/\/www.harveyspahotel.com\/de\/wellness\/massagen\/perlbad\/","url":"https:\/\/www.harveyspahotel.com\/de\/wellness\/massagen\/perlbad\/","name":"Perlbad - Harvey Spa Hotel -","isPartOf":{"@id":"https:\/\/www.harveyspahotel.com\/de\/#website"},"datePublished":"2023-10-09T14:59:38+00:00","dateModified":"2025-08-07T12:54:16+00:00","description":"Warmwasserbad mit Bl\u00e4schen, die Hautsensoren stimulieren und tiefe Entspannung f\u00f6rdern. Ideal bei Stress und Muskelverspannungen.","breadcrumb":{"@id":"https:\/\/www.harveyspahotel.com\/de\/wellness\/massagen\/perlbad\/#breadcrumb"},"inLanguage":"de-DE","potentialAction":[{"@type":"ReadAction","target":["https:\/\/www.harveyspahotel.com\/de\/wellness\/massagen\/perlbad\/"]}]},{"@type":"BreadcrumbList","@id":"https:\/\/www.harveyspahotel.com\/de\/wellness\/massagen\/perlbad\/#breadcrumb","itemListElement":[{"@type":"ListItem","position":1,"name":"Home","item":"https:\/\/www.harveyspahotel.com\/de\/"},{"@type":"ListItem","position":2,"name":"Wellness","item":"https:\/\/www.harveyspahotel.com\/de\/wellness\/"},{"@type":"ListItem","position":3,"name":"Massagen","item":"https:\/\/www.harveyspahotel.com\/de\/wellness\/massagen\/"},{"@type":"ListItem","position":4,"name":"Perlbad"}]},{"@type":"WebSite","@id":"https:\/\/www.harveyspahotel.com\/de\/#website","url":"https:\/\/www.harveyspahotel.com\/de\/","name":"Harvey Spa Hotel","description":"","potentialAction":[{"@type":"SearchAction","target":{"@type":"EntryPoint","urlTemplate":"https:\/\/www.harveyspahotel.com\/de\/?s={search_term_string}"},"query-input":"required name=search_term_string"}],"inLanguage":"de-DE"}]}},"acf":[],"_links":{"self":[{"href":"https:\/\/www.harveyspahotel.com\/de\/wp-json\/wp\/v2\/pages\/790"}],"collection":[{"href":"https:\/\/www.harveyspahotel.com\/de\/wp-json\/wp\/v2\/pages"}],"about":[{"href":"https:\/\/www.harveyspahotel.com\/de\/wp-json\/wp\/v2\/types\/page"}],"author":[{"embeddable":true,"href":"https:\/\/www.harveyspahotel.com\/de\/wp-json\/wp\/v2\/users\/7"}],"replies":[{"embeddable":true,"href":"https:\/\/www.harveyspahotel.com\/de\/wp-json\/wp\/v2\/comments?post=790"}],"version-history":[{"count":0,"href":"https:\/\/www.harveyspahotel.com\/de\/wp-json\/wp\/v2\/pages\/790\/revisions"}],"up":[{"embeddable":true,"href":"https:\/\/www.harveyspahotel.com\/de\/wp-json\/wp\/v2\/pages\/653"}],"wp:attachment":[{"href":"https:\/\/www.harveyspahotel.com\/de\/wp-json\/wp\/v2\/media?parent=790"}],"curies":[{"name":"wp","href":"https:\/\/api.w.org\/{rel}","templated":true}]}}