{"id":836,"date":"2023-11-09T14:00:53","date_gmt":"2023-11-09T14:00:53","guid":{"rendered":"https:\/\/www.harveyspahotel.com\/?page_id=836"},"modified":"2024-08-22T08:34:37","modified_gmt":"2024-08-22T08:34:37","slug":"bis-zu-20-rabatt-fuer-aufenthalte-von-mindestens-3-naechten-oder-mehr","status":"publish","type":"page","link":"https:\/\/www.harveyspahotel.com\/de\/besondere-angebote\/bis-zu-20-rabatt-fuer-aufenthalte-von-mindestens-3-naechten-oder-mehr\/","title":{"rendered":"Bis zu 20% Rabatt bei l\u00e4ngerem Aufenthalt"},"content":{"rendered":"<p style=\"text-align: center\">Bleiben Sie l\u00e4nger, bekommen Sie mehr und genie\u00dfen Sie den Komfort unseres Hotels l\u00e4nger!<br \/>\nBitte nutzen Sie unser flexibelstes Angebot ohne Vorauszahlung.<\/p>\n<p style=\"text-align: center\">Buchen Sie einen Aufenthalt von 3 N\u00e4chten und erhalten Sie 10 % Rabatt<br \/>\nBuchen Sie einen Aufenthalt von 5 N\u00e4chten und erhalten Sie 15 % Rabatt<br \/>\nBuchen Sie einen Aufenthalt von 7 N\u00e4chten und erhalten Sie 20 % Rabatt<\/p>\n<p style=\"text-align: center\">Es gibt zwei Preisoptionen \u2013 mit Fr\u00fchst\u00fcck oder mit Halbpension.<br \/>\n(Dieses Sonderangebot ist g\u00fcltig bis 22.12.2024.)<\/p>\n","protected":false},"excerpt":{"rendered":"<p>Bleiben Sie l\u00e4nger, bekommen Sie mehr und genie\u00dfen Sie den Komfort unseres Hotels l\u00e4nger! Bitte nutzen Sie unser flexibelstes Angebot ohne Vorauszahlung. Buchen Sie einen Aufenthalt von 3 N\u00e4chten und erhalten Sie 10 % Rabatt Buchen Sie einen Aufenthalt von 5 N\u00e4chten und erhalten Sie 15 % Rabatt Buchen Sie einen Aufenthalt von 7 N\u00e4chten [&hellip;]<\/p>\n","protected":false},"author":46,"featured_media":0,"parent":664,"menu_order":0,"comment_status":"closed","ping_status":"closed","template":"template-single-offer.php","meta":{"footnotes":""},"yoast_head":"<!-- This site is optimized with the Yoast SEO plugin v22.3 - https:\/\/yoast.com\/wordpress\/plugins\/seo\/ -->\n<title>Bis zu 20% Rabatt bei l\u00e4ngerem Aufenthalt - Harvey Spa Hotel -<\/title>\n<meta name=\"description\" content=\"Bleiben Sie l\u00e4nger, bekommen Sie mehr und genie\u00dfen Sie den Komfort unseres Hotels l\u00e4nger!Bitte nutzen Sie unser flexibelstes Angebot.\" \/>\n<meta name=\"robots\" content=\"index, follow, max-snippet:-1, max-image-preview:large, max-video-preview:-1\" \/>\n<link rel=\"canonical\" href=\"https:\/\/www.harveyspahotel.com\/de\/besondere-angebote\/bis-zu-20-rabatt-fuer-aufenthalte-von-mindestens-3-naechten-oder-mehr\/\" \/>\n<meta property=\"og:locale\" content=\"de_DE\" \/>\n<meta property=\"og:type\" content=\"article\" \/>\n<meta property=\"og:title\" content=\"Bis zu 20% Rabatt bei l\u00e4ngerem Aufenthalt - Harvey Spa Hotel -\" \/>\n<meta property=\"og:description\" content=\"Bleiben Sie l\u00e4nger, bekommen Sie mehr und genie\u00dfen Sie den Komfort unseres Hotels l\u00e4nger!Bitte nutzen Sie unser flexibelstes Angebot.\" \/>\n<meta property=\"og:url\" content=\"https:\/\/www.harveyspahotel.com\/de\/besondere-angebote\/bis-zu-20-rabatt-fuer-aufenthalte-von-mindestens-3-naechten-oder-mehr\/\" \/>\n<meta property=\"og:site_name\" content=\"Harvey Spa Hotel\" \/>\n<meta property=\"article:modified_time\" content=\"2024-08-22T08:34:37+00:00\" \/>\n<meta name=\"twitter:card\" content=\"summary_large_image\" \/>\n<meta name=\"twitter:label1\" content=\"Gesch\u00e4tzte Lesezeit\" \/>\n\t<meta name=\"twitter:data1\" content=\"1 Minute\" \/>\n<script type=\"application\/ld+json\" class=\"yoast-schema-graph\">{\"@context\":\"https:\/\/schema.org\",\"@graph\":[{\"@type\":\"WebPage\",\"@id\":\"https:\/\/www.harveyspahotel.com\/de\/besondere-angebote\/bis-zu-20-rabatt-fuer-aufenthalte-von-mindestens-3-naechten-oder-mehr\/\",\"url\":\"https:\/\/www.harveyspahotel.com\/de\/besondere-angebote\/bis-zu-20-rabatt-fuer-aufenthalte-von-mindestens-3-naechten-oder-mehr\/\",\"name\":\"Bis zu 20% Rabatt bei l\u00e4ngerem Aufenthalt - Harvey Spa Hotel -\",\"isPartOf\":{\"@id\":\"https:\/\/www.harveyspahotel.com\/de\/#website\"},\"datePublished\":\"2023-11-09T14:00:53+00:00\",\"dateModified\":\"2024-08-22T08:34:37+00:00\",\"description\":\"Bleiben Sie l\u00e4nger, bekommen Sie mehr und genie\u00dfen Sie den Komfort unseres Hotels l\u00e4nger!Bitte nutzen Sie unser flexibelstes Angebot.\",\"breadcrumb\":{\"@id\":\"https:\/\/www.harveyspahotel.com\/de\/besondere-angebote\/bis-zu-20-rabatt-fuer-aufenthalte-von-mindestens-3-naechten-oder-mehr\/#breadcrumb\"},\"inLanguage\":\"de-DE\",\"potentialAction\":[{\"@type\":\"ReadAction\",\"target\":[\"https:\/\/www.harveyspahotel.com\/de\/besondere-angebote\/bis-zu-20-rabatt-fuer-aufenthalte-von-mindestens-3-naechten-oder-mehr\/\"]}]},{\"@type\":\"BreadcrumbList\",\"@id\":\"https:\/\/www.harveyspahotel.com\/de\/besondere-angebote\/bis-zu-20-rabatt-fuer-aufenthalte-von-mindestens-3-naechten-oder-mehr\/#breadcrumb\",\"itemListElement\":[{\"@type\":\"ListItem\",\"position\":1,\"name\":\"Home\",\"item\":\"https:\/\/www.harveyspahotel.com\/de\/\"},{\"@type\":\"ListItem\",\"position\":2,\"name\":\"Besondere Angebote\",\"item\":\"https:\/\/www.harveyspahotel.com\/de\/besondere-angebote\/\"},{\"@type\":\"ListItem\",\"position\":3,\"name\":\"Bis zu 20% Rabatt bei l\u00e4ngerem Aufenthalt\"}]},{\"@type\":\"WebSite\",\"@id\":\"https:\/\/www.harveyspahotel.com\/de\/#website\",\"url\":\"https:\/\/www.harveyspahotel.com\/de\/\",\"name\":\"Harvey Spa Hotel\",\"description\":\"\",\"potentialAction\":[{\"@type\":\"SearchAction\",\"target\":{\"@type\":\"EntryPoint\",\"urlTemplate\":\"https:\/\/www.harveyspahotel.com\/de\/?s={search_term_string}\"},\"query-input\":\"required name=search_term_string\"}],\"inLanguage\":\"de-DE\"}]}<\/script>\n<!-- \/ Yoast SEO plugin. -->","yoast_head_json":{"title":"Bis zu 20% Rabatt bei l\u00e4ngerem Aufenthalt - Harvey Spa Hotel -","description":"Bleiben Sie l\u00e4nger, bekommen Sie mehr und genie\u00dfen Sie den Komfort unseres Hotels l\u00e4nger!Bitte nutzen Sie unser flexibelstes Angebot.","robots":{"index":"index","follow":"follow","max-snippet":"max-snippet:-1","max-image-preview":"max-image-preview:large","max-video-preview":"max-video-preview:-1"},"canonical":"https:\/\/www.harveyspahotel.com\/de\/besondere-angebote\/bis-zu-20-rabatt-fuer-aufenthalte-von-mindestens-3-naechten-oder-mehr\/","og_locale":"de_DE","og_type":"article","og_title":"Bis zu 20% Rabatt bei l\u00e4ngerem Aufenthalt - Harvey Spa Hotel -","og_description":"Bleiben Sie l\u00e4nger, bekommen Sie mehr und genie\u00dfen Sie den Komfort unseres Hotels l\u00e4nger!Bitte nutzen Sie unser flexibelstes Angebot.","og_url":"https:\/\/www.harveyspahotel.com\/de\/besondere-angebote\/bis-zu-20-rabatt-fuer-aufenthalte-von-mindestens-3-naechten-oder-mehr\/","og_site_name":"Harvey Spa Hotel","article_modified_time":"2024-08-22T08:34:37+00:00","twitter_card":"summary_large_image","twitter_misc":{"Gesch\u00e4tzte Lesezeit":"1 Minute"},"schema":{"@context":"https:\/\/schema.org","@graph":[{"@type":"WebPage","@id":"https:\/\/www.harveyspahotel.com\/de\/besondere-angebote\/bis-zu-20-rabatt-fuer-aufenthalte-von-mindestens-3-naechten-oder-mehr\/","url":"https:\/\/www.harveyspahotel.com\/de\/besondere-angebote\/bis-zu-20-rabatt-fuer-aufenthalte-von-mindestens-3-naechten-oder-mehr\/","name":"Bis zu 20% Rabatt bei l\u00e4ngerem Aufenthalt - Harvey Spa Hotel -","isPartOf":{"@id":"https:\/\/www.harveyspahotel.com\/de\/#website"},"datePublished":"2023-11-09T14:00:53+00:00","dateModified":"2024-08-22T08:34:37+00:00","description":"Bleiben Sie l\u00e4nger, bekommen Sie mehr und genie\u00dfen Sie den Komfort unseres Hotels l\u00e4nger!Bitte nutzen Sie unser flexibelstes Angebot.","breadcrumb":{"@id":"https:\/\/www.harveyspahotel.com\/de\/besondere-angebote\/bis-zu-20-rabatt-fuer-aufenthalte-von-mindestens-3-naechten-oder-mehr\/#breadcrumb"},"inLanguage":"de-DE","potentialAction":[{"@type":"ReadAction","target":["https:\/\/www.harveyspahotel.com\/de\/besondere-angebote\/bis-zu-20-rabatt-fuer-aufenthalte-von-mindestens-3-naechten-oder-mehr\/"]}]},{"@type":"BreadcrumbList","@id":"https:\/\/www.harveyspahotel.com\/de\/besondere-angebote\/bis-zu-20-rabatt-fuer-aufenthalte-von-mindestens-3-naechten-oder-mehr\/#breadcrumb","itemListElement":[{"@type":"ListItem","position":1,"name":"Home","item":"https:\/\/www.harveyspahotel.com\/de\/"},{"@type":"ListItem","position":2,"name":"Besondere Angebote","item":"https:\/\/www.harveyspahotel.com\/de\/besondere-angebote\/"},{"@type":"ListItem","position":3,"name":"Bis zu 20% Rabatt bei l\u00e4ngerem Aufenthalt"}]},{"@type":"WebSite","@id":"https:\/\/www.harveyspahotel.com\/de\/#website","url":"https:\/\/www.harveyspahotel.com\/de\/","name":"Harvey Spa Hotel","description":"","potentialAction":[{"@type":"SearchAction","target":{"@type":"EntryPoint","urlTemplate":"https:\/\/www.harveyspahotel.com\/de\/?s={search_term_string}"},"query-input":"required name=search_term_string"}],"inLanguage":"de-DE"}]}},"acf":[],"_links":{"self":[{"href":"https:\/\/www.harveyspahotel.com\/de\/wp-json\/wp\/v2\/pages\/836"}],"collection":[{"href":"https:\/\/www.harveyspahotel.com\/de\/wp-json\/wp\/v2\/pages"}],"about":[{"href":"https:\/\/www.harveyspahotel.com\/de\/wp-json\/wp\/v2\/types\/page"}],"author":[{"embeddable":true,"href":"https:\/\/www.harveyspahotel.com\/de\/wp-json\/wp\/v2\/users\/46"}],"replies":[{"embeddable":true,"href":"https:\/\/www.harveyspahotel.com\/de\/wp-json\/wp\/v2\/comments?post=836"}],"version-history":[{"count":0,"href":"https:\/\/www.harveyspahotel.com\/de\/wp-json\/wp\/v2\/pages\/836\/revisions"}],"up":[{"embeddable":true,"href":"https:\/\/www.harveyspahotel.com\/de\/wp-json\/wp\/v2\/pages\/664"}],"wp:attachment":[{"href":"https:\/\/www.harveyspahotel.com\/de\/wp-json\/wp\/v2\/media?parent=836"}],"curies":[{"name":"wp","href":"https:\/\/api.w.org\/{rel}","templated":true}]}}