{"id":987,"date":"2024-05-30T11:14:18","date_gmt":"2024-05-30T11:14:18","guid":{"rendered":"https:\/\/www.harveyspahotel.com\/?page_id=987"},"modified":"2024-05-30T11:14:18","modified_gmt":"2024-05-30T11:14:18","slug":"das-kloster-valdsassen","status":"publish","type":"page","link":"https:\/\/www.harveyspahotel.com\/de\/wo-finden-sie-uns\/tipps-fuer-ausfluege-in-die-umgebung\/das-kloster-valdsassen\/","title":{"rendered":"Das Kloster Valdsassen"},"content":{"rendered":"<p>Das Kloster Valdsassen ist ein Zisterzienserkloster in der bayerischen Stadt Waldsassen, im Landkreis Tirschenreuth und in der Di\u00f6zese Regensburg. Im Mittelalter geh\u00f6rte es geographisch zum sogenannten Chebsk-Gebiet, und dieser Standort lie\u00df seine weiteren Schicksale erahnen. W\u00e4hrend seiner Amtszeit gr\u00fcndete das \u00f6rtliche Kloster drei Filiationen, von denen zwei im benachbarten K\u00f6nigreich B\u00f6hmen ans\u00e4ssig waren, und pflegte bis zum Beginn der Hussitenzeit die Bruderschaft und zahlreiche Kontakte mit ihnen.<\/p>\n","protected":false},"excerpt":{"rendered":"<p>Das Kloster Valdsassen ist ein Zisterzienserkloster in der bayerischen Stadt Waldsassen, im Landkreis Tirschenreuth und in der Di\u00f6zese Regensburg. Im Mittelalter geh\u00f6rte es geographisch zum sogenannten Chebsk-Gebiet, und dieser Standort lie\u00df seine weiteren Schicksale erahnen. W\u00e4hrend seiner Amtszeit gr\u00fcndete das \u00f6rtliche Kloster drei Filiationen, von denen zwei im benachbarten K\u00f6nigreich B\u00f6hmen ans\u00e4ssig waren, und pflegte [&hellip;]<\/p>\n","protected":false},"author":46,"featured_media":0,"parent":672,"menu_order":110,"comment_status":"closed","ping_status":"closed","template":"","meta":{"footnotes":""},"class_list":["post-987","page","type-page","status-publish","hentry"],"yoast_head":"<!-- This site is optimized with the Yoast SEO plugin v27.3 - https:\/\/yoast.com\/product\/yoast-seo-wordpress\/ -->\n<title>Das Kloster Valdsassen - Harvey Spa Hotel -<\/title>\n<meta name=\"description\" content=\"Das Kloster Valdsassen ist ein Zisterzienserkloster in der bayerischen Stadt Waldsassen, im Landkreis Tirschenreuth und in der Di\u00f6zese Regensburg. Im Mittelalter geh\u00f6rte es geographisch zum sogenannten Chebsk-Gebiet, und dieser Standort lie\u00df seine weiteren Schicksale erahnen\" \/>\n<meta name=\"robots\" content=\"index, follow, max-snippet:-1, max-image-preview:large, max-video-preview:-1\" \/>\n<link rel=\"canonical\" href=\"https:\/\/www.harveyspahotel.com\/de\/wo-finden-sie-uns\/tipps-fuer-ausfluege-in-die-umgebung\/das-kloster-valdsassen\/\" \/>\n<meta property=\"og:locale\" content=\"de_DE\" \/>\n<meta property=\"og:type\" content=\"article\" \/>\n<meta property=\"og:title\" content=\"Das Kloster Valdsassen - Harvey Spa Hotel -\" \/>\n<meta property=\"og:description\" content=\"Das Kloster Valdsassen ist ein Zisterzienserkloster in der bayerischen Stadt Waldsassen, im Landkreis Tirschenreuth und in der Di\u00f6zese Regensburg. Im Mittelalter geh\u00f6rte es geographisch zum sogenannten Chebsk-Gebiet, und dieser Standort lie\u00df seine weiteren Schicksale erahnen\" \/>\n<meta property=\"og:url\" content=\"https:\/\/www.harveyspahotel.com\/de\/wo-finden-sie-uns\/tipps-fuer-ausfluege-in-die-umgebung\/das-kloster-valdsassen\/\" \/>\n<meta property=\"og:site_name\" content=\"Harvey Spa Hotel\" \/>\n<meta name=\"twitter:card\" content=\"summary_large_image\" \/>\n<meta name=\"twitter:label1\" content=\"Gesch\u00e4tzte Lesezeit\" \/>\n\t<meta name=\"twitter:data1\" content=\"1 Minute\" \/>\n<script type=\"application\/ld+json\" class=\"yoast-schema-graph\">{\"@context\":\"https:\\\/\\\/schema.org\",\"@graph\":[{\"@type\":\"WebPage\",\"@id\":\"https:\\\/\\\/www.harveyspahotel.com\\\/de\\\/wo-finden-sie-uns\\\/tipps-fuer-ausfluege-in-die-umgebung\\\/das-kloster-valdsassen\\\/\",\"url\":\"https:\\\/\\\/www.harveyspahotel.com\\\/de\\\/wo-finden-sie-uns\\\/tipps-fuer-ausfluege-in-die-umgebung\\\/das-kloster-valdsassen\\\/\",\"name\":\"Das Kloster Valdsassen - Harvey Spa Hotel -\",\"isPartOf\":{\"@id\":\"https:\\\/\\\/www.harveyspahotel.com\\\/de\\\/#website\"},\"datePublished\":\"2024-05-30T11:14:18+00:00\",\"description\":\"Das Kloster Valdsassen ist ein Zisterzienserkloster in der bayerischen Stadt Waldsassen, im Landkreis Tirschenreuth und in der Di\u00f6zese Regensburg. Im Mittelalter geh\u00f6rte es geographisch zum sogenannten Chebsk-Gebiet, und dieser Standort lie\u00df seine weiteren Schicksale erahnen\",\"breadcrumb\":{\"@id\":\"https:\\\/\\\/www.harveyspahotel.com\\\/de\\\/wo-finden-sie-uns\\\/tipps-fuer-ausfluege-in-die-umgebung\\\/das-kloster-valdsassen\\\/#breadcrumb\"},\"inLanguage\":\"de-DE\",\"potentialAction\":[{\"@type\":\"ReadAction\",\"target\":[\"https:\\\/\\\/www.harveyspahotel.com\\\/de\\\/wo-finden-sie-uns\\\/tipps-fuer-ausfluege-in-die-umgebung\\\/das-kloster-valdsassen\\\/\"]}]},{\"@type\":\"BreadcrumbList\",\"@id\":\"https:\\\/\\\/www.harveyspahotel.com\\\/de\\\/wo-finden-sie-uns\\\/tipps-fuer-ausfluege-in-die-umgebung\\\/das-kloster-valdsassen\\\/#breadcrumb\",\"itemListElement\":[{\"@type\":\"ListItem\",\"position\":1,\"name\":\"Home\",\"item\":\"https:\\\/\\\/www.harveyspahotel.com\\\/de\\\/\"},{\"@type\":\"ListItem\",\"position\":2,\"name\":\"Wo finden Sie uns\",\"item\":\"https:\\\/\\\/www.harveyspahotel.com\\\/de\\\/wo-finden-sie-uns\\\/\"},{\"@type\":\"ListItem\",\"position\":3,\"name\":\"Tipps f\u00fcr Ausfl\u00fcge in die Umgebung\",\"item\":\"https:\\\/\\\/www.harveyspahotel.com\\\/de\\\/wo-finden-sie-uns\\\/tipps-fuer-ausfluege-in-die-umgebung\\\/\"},{\"@type\":\"ListItem\",\"position\":4,\"name\":\"Das Kloster Valdsassen\"}]},{\"@type\":\"WebSite\",\"@id\":\"https:\\\/\\\/www.harveyspahotel.com\\\/de\\\/#website\",\"url\":\"https:\\\/\\\/www.harveyspahotel.com\\\/de\\\/\",\"name\":\"Harvey Spa Hotel\",\"description\":\"\",\"potentialAction\":[{\"@type\":\"SearchAction\",\"target\":{\"@type\":\"EntryPoint\",\"urlTemplate\":\"https:\\\/\\\/www.harveyspahotel.com\\\/de\\\/?s={search_term_string}\"},\"query-input\":{\"@type\":\"PropertyValueSpecification\",\"valueRequired\":true,\"valueName\":\"search_term_string\"}}],\"inLanguage\":\"de-DE\"}]}<\/script>\n<!-- \/ Yoast SEO plugin. -->","yoast_head_json":{"title":"Das Kloster Valdsassen - Harvey Spa Hotel -","description":"Das Kloster Valdsassen ist ein Zisterzienserkloster in der bayerischen Stadt Waldsassen, im Landkreis Tirschenreuth und in der Di\u00f6zese Regensburg. Im Mittelalter geh\u00f6rte es geographisch zum sogenannten Chebsk-Gebiet, und dieser Standort lie\u00df seine weiteren Schicksale erahnen","robots":{"index":"index","follow":"follow","max-snippet":"max-snippet:-1","max-image-preview":"max-image-preview:large","max-video-preview":"max-video-preview:-1"},"canonical":"https:\/\/www.harveyspahotel.com\/de\/wo-finden-sie-uns\/tipps-fuer-ausfluege-in-die-umgebung\/das-kloster-valdsassen\/","og_locale":"de_DE","og_type":"article","og_title":"Das Kloster Valdsassen - Harvey Spa Hotel -","og_description":"Das Kloster Valdsassen ist ein Zisterzienserkloster in der bayerischen Stadt Waldsassen, im Landkreis Tirschenreuth und in der Di\u00f6zese Regensburg. Im Mittelalter geh\u00f6rte es geographisch zum sogenannten Chebsk-Gebiet, und dieser Standort lie\u00df seine weiteren Schicksale erahnen","og_url":"https:\/\/www.harveyspahotel.com\/de\/wo-finden-sie-uns\/tipps-fuer-ausfluege-in-die-umgebung\/das-kloster-valdsassen\/","og_site_name":"Harvey Spa Hotel","twitter_card":"summary_large_image","twitter_misc":{"Gesch\u00e4tzte Lesezeit":"1 Minute"},"schema":{"@context":"https:\/\/schema.org","@graph":[{"@type":"WebPage","@id":"https:\/\/www.harveyspahotel.com\/de\/wo-finden-sie-uns\/tipps-fuer-ausfluege-in-die-umgebung\/das-kloster-valdsassen\/","url":"https:\/\/www.harveyspahotel.com\/de\/wo-finden-sie-uns\/tipps-fuer-ausfluege-in-die-umgebung\/das-kloster-valdsassen\/","name":"Das Kloster Valdsassen - Harvey Spa Hotel -","isPartOf":{"@id":"https:\/\/www.harveyspahotel.com\/de\/#website"},"datePublished":"2024-05-30T11:14:18+00:00","description":"Das Kloster Valdsassen ist ein Zisterzienserkloster in der bayerischen Stadt Waldsassen, im Landkreis Tirschenreuth und in der Di\u00f6zese Regensburg. Im Mittelalter geh\u00f6rte es geographisch zum sogenannten Chebsk-Gebiet, und dieser Standort lie\u00df seine weiteren Schicksale erahnen","breadcrumb":{"@id":"https:\/\/www.harveyspahotel.com\/de\/wo-finden-sie-uns\/tipps-fuer-ausfluege-in-die-umgebung\/das-kloster-valdsassen\/#breadcrumb"},"inLanguage":"de-DE","potentialAction":[{"@type":"ReadAction","target":["https:\/\/www.harveyspahotel.com\/de\/wo-finden-sie-uns\/tipps-fuer-ausfluege-in-die-umgebung\/das-kloster-valdsassen\/"]}]},{"@type":"BreadcrumbList","@id":"https:\/\/www.harveyspahotel.com\/de\/wo-finden-sie-uns\/tipps-fuer-ausfluege-in-die-umgebung\/das-kloster-valdsassen\/#breadcrumb","itemListElement":[{"@type":"ListItem","position":1,"name":"Home","item":"https:\/\/www.harveyspahotel.com\/de\/"},{"@type":"ListItem","position":2,"name":"Wo finden Sie uns","item":"https:\/\/www.harveyspahotel.com\/de\/wo-finden-sie-uns\/"},{"@type":"ListItem","position":3,"name":"Tipps f\u00fcr Ausfl\u00fcge in die Umgebung","item":"https:\/\/www.harveyspahotel.com\/de\/wo-finden-sie-uns\/tipps-fuer-ausfluege-in-die-umgebung\/"},{"@type":"ListItem","position":4,"name":"Das Kloster Valdsassen"}]},{"@type":"WebSite","@id":"https:\/\/www.harveyspahotel.com\/de\/#website","url":"https:\/\/www.harveyspahotel.com\/de\/","name":"Harvey Spa Hotel","description":"","potentialAction":[{"@type":"SearchAction","target":{"@type":"EntryPoint","urlTemplate":"https:\/\/www.harveyspahotel.com\/de\/?s={search_term_string}"},"query-input":{"@type":"PropertyValueSpecification","valueRequired":true,"valueName":"search_term_string"}}],"inLanguage":"de-DE"}]}},"acf":[],"_links":{"self":[{"href":"https:\/\/www.harveyspahotel.com\/de\/wp-json\/wp\/v2\/pages\/987","targetHints":{"allow":["GET"]}}],"collection":[{"href":"https:\/\/www.harveyspahotel.com\/de\/wp-json\/wp\/v2\/pages"}],"about":[{"href":"https:\/\/www.harveyspahotel.com\/de\/wp-json\/wp\/v2\/types\/page"}],"author":[{"embeddable":true,"href":"https:\/\/www.harveyspahotel.com\/de\/wp-json\/wp\/v2\/users\/46"}],"replies":[{"embeddable":true,"href":"https:\/\/www.harveyspahotel.com\/de\/wp-json\/wp\/v2\/comments?post=987"}],"version-history":[{"count":0,"href":"https:\/\/www.harveyspahotel.com\/de\/wp-json\/wp\/v2\/pages\/987\/revisions"}],"up":[{"embeddable":true,"href":"https:\/\/www.harveyspahotel.com\/de\/wp-json\/wp\/v2\/pages\/672"}],"wp:attachment":[{"href":"https:\/\/www.harveyspahotel.com\/de\/wp-json\/wp\/v2\/media?parent=987"}],"curies":[{"name":"wp","href":"https:\/\/api.w.org\/{rel}","templated":true}]}}