{"id":997,"date":"2024-05-30T11:30:55","date_gmt":"2024-05-30T11:30:55","guid":{"rendered":"https:\/\/www.harveyspahotel.com\/?page_id=997"},"modified":"2024-08-22T09:06:08","modified_gmt":"2024-08-22T09:06:08","slug":"sommerrodelbahn-in-muehlleithen","status":"publish","type":"page","link":"https:\/\/www.harveyspahotel.com\/de\/wo-finden-sie-uns\/tipps-fuer-ausfluege-in-die-umgebung\/sommerrodelbahn-in-muehlleithen\/","title":{"rendered":"Sommerrodelbahn in M\u00fchlleithen"},"content":{"rendered":"<p>Klingenthal liegt direkt an der Grenze zu Tschechien, in der N\u00e4he von Kraslice (Graslitz) und am Fu\u00dfe des Aschbergs (936 m \u00fc. M.). Die 10,5 km lange Stadt ist von Nadelw\u00e4ldern (haupts\u00e4chlich Fichten) umgeben. Klingenthal liegt im S\u00fcdosten des s\u00e4chsischen Teils des historischen Vogtlandes, geh\u00f6rt aber naturr\u00e4umlich zum westlichen Erzgebirge. Die Stadt liegt im Naturpark Erzgebirge\/Vogtland. Bobbahn \u2013 ihre Gesamtl\u00e4nge betr\u00e4gt 800 m. Der H\u00f6henunterschied betr\u00e4gt 45 und 24 m. Die Strecke f\u00fchrt durch viele Kurven, in denen es bei voller Geschwindigkeit nach Missachtung der Bremsschilder zu einem Unfall kommen kann. Mit dem Bremshebel k\u00f6nnen Sie Ihre Geschwindigkeit ganz einfach kontrollieren und dann besteht keine Gefahr.<\/p>\n","protected":false},"excerpt":{"rendered":"<p>Klingenthal liegt direkt an der Grenze zu Tschechien, in der N\u00e4he von Kraslice (Graslitz) und am Fu\u00dfe des Aschbergs (936 m \u00fc. M.). Die 10,5 km lange Stadt ist von Nadelw\u00e4ldern (haupts\u00e4chlich Fichten) umgeben. Klingenthal liegt im S\u00fcdosten des s\u00e4chsischen Teils des historischen Vogtlandes, geh\u00f6rt aber naturr\u00e4umlich zum westlichen Erzgebirge. Die Stadt liegt im Naturpark [&hellip;]<\/p>\n","protected":false},"author":46,"featured_media":0,"parent":672,"menu_order":113,"comment_status":"closed","ping_status":"closed","template":"","meta":{"footnotes":""},"class_list":["post-997","page","type-page","status-publish","hentry"],"yoast_head":"<!-- This site is optimized with the Yoast SEO plugin v27.3 - https:\/\/yoast.com\/product\/yoast-seo-wordpress\/ -->\n<title>Sommerrodelbahn in M\u00fchlleithen - Harvey Spa Hotel -<\/title>\n<meta name=\"description\" content=\"Klingenthal liegt an der Grenze zu Tschechien, am Fu\u00dfe des Aschbergs und im Naturpark Erzgebirge\/Vogtland.\" \/>\n<meta name=\"robots\" content=\"index, follow, max-snippet:-1, max-image-preview:large, max-video-preview:-1\" \/>\n<link rel=\"canonical\" href=\"https:\/\/www.harveyspahotel.com\/de\/wo-finden-sie-uns\/tipps-fuer-ausfluege-in-die-umgebung\/sommerrodelbahn-in-muehlleithen\/\" \/>\n<meta property=\"og:locale\" content=\"de_DE\" \/>\n<meta property=\"og:type\" content=\"article\" \/>\n<meta property=\"og:title\" content=\"Sommerrodelbahn in M\u00fchlleithen - Harvey Spa Hotel -\" \/>\n<meta property=\"og:description\" content=\"Klingenthal liegt an der Grenze zu Tschechien, am Fu\u00dfe des Aschbergs und im Naturpark Erzgebirge\/Vogtland.\" \/>\n<meta property=\"og:url\" content=\"https:\/\/www.harveyspahotel.com\/de\/wo-finden-sie-uns\/tipps-fuer-ausfluege-in-die-umgebung\/sommerrodelbahn-in-muehlleithen\/\" \/>\n<meta property=\"og:site_name\" content=\"Harvey Spa Hotel\" \/>\n<meta property=\"article:modified_time\" content=\"2024-08-22T09:06:08+00:00\" \/>\n<meta name=\"twitter:card\" content=\"summary_large_image\" \/>\n<meta name=\"twitter:label1\" content=\"Gesch\u00e4tzte Lesezeit\" \/>\n\t<meta name=\"twitter:data1\" content=\"1 Minute\" \/>\n<script type=\"application\/ld+json\" class=\"yoast-schema-graph\">{\"@context\":\"https:\\\/\\\/schema.org\",\"@graph\":[{\"@type\":\"WebPage\",\"@id\":\"https:\\\/\\\/www.harveyspahotel.com\\\/de\\\/wo-finden-sie-uns\\\/tipps-fuer-ausfluege-in-die-umgebung\\\/sommerrodelbahn-in-muehlleithen\\\/\",\"url\":\"https:\\\/\\\/www.harveyspahotel.com\\\/de\\\/wo-finden-sie-uns\\\/tipps-fuer-ausfluege-in-die-umgebung\\\/sommerrodelbahn-in-muehlleithen\\\/\",\"name\":\"Sommerrodelbahn in M\u00fchlleithen - Harvey Spa Hotel -\",\"isPartOf\":{\"@id\":\"https:\\\/\\\/www.harveyspahotel.com\\\/de\\\/#website\"},\"datePublished\":\"2024-05-30T11:30:55+00:00\",\"dateModified\":\"2024-08-22T09:06:08+00:00\",\"description\":\"Klingenthal liegt an der Grenze zu Tschechien, am Fu\u00dfe des Aschbergs und im Naturpark Erzgebirge\\\/Vogtland.\",\"breadcrumb\":{\"@id\":\"https:\\\/\\\/www.harveyspahotel.com\\\/de\\\/wo-finden-sie-uns\\\/tipps-fuer-ausfluege-in-die-umgebung\\\/sommerrodelbahn-in-muehlleithen\\\/#breadcrumb\"},\"inLanguage\":\"de-DE\",\"potentialAction\":[{\"@type\":\"ReadAction\",\"target\":[\"https:\\\/\\\/www.harveyspahotel.com\\\/de\\\/wo-finden-sie-uns\\\/tipps-fuer-ausfluege-in-die-umgebung\\\/sommerrodelbahn-in-muehlleithen\\\/\"]}]},{\"@type\":\"BreadcrumbList\",\"@id\":\"https:\\\/\\\/www.harveyspahotel.com\\\/de\\\/wo-finden-sie-uns\\\/tipps-fuer-ausfluege-in-die-umgebung\\\/sommerrodelbahn-in-muehlleithen\\\/#breadcrumb\",\"itemListElement\":[{\"@type\":\"ListItem\",\"position\":1,\"name\":\"Home\",\"item\":\"https:\\\/\\\/www.harveyspahotel.com\\\/de\\\/\"},{\"@type\":\"ListItem\",\"position\":2,\"name\":\"Wo finden Sie uns\",\"item\":\"https:\\\/\\\/www.harveyspahotel.com\\\/de\\\/wo-finden-sie-uns\\\/\"},{\"@type\":\"ListItem\",\"position\":3,\"name\":\"Tipps f\u00fcr Ausfl\u00fcge in die Umgebung\",\"item\":\"https:\\\/\\\/www.harveyspahotel.com\\\/de\\\/wo-finden-sie-uns\\\/tipps-fuer-ausfluege-in-die-umgebung\\\/\"},{\"@type\":\"ListItem\",\"position\":4,\"name\":\"Sommerrodelbahn in M\u00fchlleithen\"}]},{\"@type\":\"WebSite\",\"@id\":\"https:\\\/\\\/www.harveyspahotel.com\\\/de\\\/#website\",\"url\":\"https:\\\/\\\/www.harveyspahotel.com\\\/de\\\/\",\"name\":\"Harvey Spa Hotel\",\"description\":\"\",\"potentialAction\":[{\"@type\":\"SearchAction\",\"target\":{\"@type\":\"EntryPoint\",\"urlTemplate\":\"https:\\\/\\\/www.harveyspahotel.com\\\/de\\\/?s={search_term_string}\"},\"query-input\":{\"@type\":\"PropertyValueSpecification\",\"valueRequired\":true,\"valueName\":\"search_term_string\"}}],\"inLanguage\":\"de-DE\"}]}<\/script>\n<!-- \/ Yoast SEO plugin. -->","yoast_head_json":{"title":"Sommerrodelbahn in M\u00fchlleithen - Harvey Spa Hotel -","description":"Klingenthal liegt an der Grenze zu Tschechien, am Fu\u00dfe des Aschbergs und im Naturpark Erzgebirge\/Vogtland.","robots":{"index":"index","follow":"follow","max-snippet":"max-snippet:-1","max-image-preview":"max-image-preview:large","max-video-preview":"max-video-preview:-1"},"canonical":"https:\/\/www.harveyspahotel.com\/de\/wo-finden-sie-uns\/tipps-fuer-ausfluege-in-die-umgebung\/sommerrodelbahn-in-muehlleithen\/","og_locale":"de_DE","og_type":"article","og_title":"Sommerrodelbahn in M\u00fchlleithen - Harvey Spa Hotel -","og_description":"Klingenthal liegt an der Grenze zu Tschechien, am Fu\u00dfe des Aschbergs und im Naturpark Erzgebirge\/Vogtland.","og_url":"https:\/\/www.harveyspahotel.com\/de\/wo-finden-sie-uns\/tipps-fuer-ausfluege-in-die-umgebung\/sommerrodelbahn-in-muehlleithen\/","og_site_name":"Harvey Spa Hotel","article_modified_time":"2024-08-22T09:06:08+00:00","twitter_card":"summary_large_image","twitter_misc":{"Gesch\u00e4tzte Lesezeit":"1 Minute"},"schema":{"@context":"https:\/\/schema.org","@graph":[{"@type":"WebPage","@id":"https:\/\/www.harveyspahotel.com\/de\/wo-finden-sie-uns\/tipps-fuer-ausfluege-in-die-umgebung\/sommerrodelbahn-in-muehlleithen\/","url":"https:\/\/www.harveyspahotel.com\/de\/wo-finden-sie-uns\/tipps-fuer-ausfluege-in-die-umgebung\/sommerrodelbahn-in-muehlleithen\/","name":"Sommerrodelbahn in M\u00fchlleithen - Harvey Spa Hotel -","isPartOf":{"@id":"https:\/\/www.harveyspahotel.com\/de\/#website"},"datePublished":"2024-05-30T11:30:55+00:00","dateModified":"2024-08-22T09:06:08+00:00","description":"Klingenthal liegt an der Grenze zu Tschechien, am Fu\u00dfe des Aschbergs und im Naturpark Erzgebirge\/Vogtland.","breadcrumb":{"@id":"https:\/\/www.harveyspahotel.com\/de\/wo-finden-sie-uns\/tipps-fuer-ausfluege-in-die-umgebung\/sommerrodelbahn-in-muehlleithen\/#breadcrumb"},"inLanguage":"de-DE","potentialAction":[{"@type":"ReadAction","target":["https:\/\/www.harveyspahotel.com\/de\/wo-finden-sie-uns\/tipps-fuer-ausfluege-in-die-umgebung\/sommerrodelbahn-in-muehlleithen\/"]}]},{"@type":"BreadcrumbList","@id":"https:\/\/www.harveyspahotel.com\/de\/wo-finden-sie-uns\/tipps-fuer-ausfluege-in-die-umgebung\/sommerrodelbahn-in-muehlleithen\/#breadcrumb","itemListElement":[{"@type":"ListItem","position":1,"name":"Home","item":"https:\/\/www.harveyspahotel.com\/de\/"},{"@type":"ListItem","position":2,"name":"Wo finden Sie uns","item":"https:\/\/www.harveyspahotel.com\/de\/wo-finden-sie-uns\/"},{"@type":"ListItem","position":3,"name":"Tipps f\u00fcr Ausfl\u00fcge in die Umgebung","item":"https:\/\/www.harveyspahotel.com\/de\/wo-finden-sie-uns\/tipps-fuer-ausfluege-in-die-umgebung\/"},{"@type":"ListItem","position":4,"name":"Sommerrodelbahn in M\u00fchlleithen"}]},{"@type":"WebSite","@id":"https:\/\/www.harveyspahotel.com\/de\/#website","url":"https:\/\/www.harveyspahotel.com\/de\/","name":"Harvey Spa Hotel","description":"","potentialAction":[{"@type":"SearchAction","target":{"@type":"EntryPoint","urlTemplate":"https:\/\/www.harveyspahotel.com\/de\/?s={search_term_string}"},"query-input":{"@type":"PropertyValueSpecification","valueRequired":true,"valueName":"search_term_string"}}],"inLanguage":"de-DE"}]}},"acf":[],"_links":{"self":[{"href":"https:\/\/www.harveyspahotel.com\/de\/wp-json\/wp\/v2\/pages\/997","targetHints":{"allow":["GET"]}}],"collection":[{"href":"https:\/\/www.harveyspahotel.com\/de\/wp-json\/wp\/v2\/pages"}],"about":[{"href":"https:\/\/www.harveyspahotel.com\/de\/wp-json\/wp\/v2\/types\/page"}],"author":[{"embeddable":true,"href":"https:\/\/www.harveyspahotel.com\/de\/wp-json\/wp\/v2\/users\/46"}],"replies":[{"embeddable":true,"href":"https:\/\/www.harveyspahotel.com\/de\/wp-json\/wp\/v2\/comments?post=997"}],"version-history":[{"count":0,"href":"https:\/\/www.harveyspahotel.com\/de\/wp-json\/wp\/v2\/pages\/997\/revisions"}],"up":[{"embeddable":true,"href":"https:\/\/www.harveyspahotel.com\/de\/wp-json\/wp\/v2\/pages\/672"}],"wp:attachment":[{"href":"https:\/\/www.harveyspahotel.com\/de\/wp-json\/wp\/v2\/media?parent=997"}],"curies":[{"name":"wp","href":"https:\/\/api.w.org\/{rel}","templated":true}]}}